{"id":5531,"date":"2016-10-25T20:04:33","date_gmt":"2016-10-25T20:04:33","guid":{"rendered":"http:\/\/es.restorethedelta.org\/?page_id=5531"},"modified":"2016-10-25T20:33:07","modified_gmt":"2016-10-25T20:33:07","slug":"contribuyentes-pagaran-16-mil-millones-por-tuneles-del-delta","status":"publish","type":"page","link":"http:\/\/es.restorethedelta.org\/?page_id=5531","title":{"rendered":"Contribuyentes pagar\u00e1n $16 mil millones por T\u00faneles del Delta"},"content":{"rendered":"<div class='ss2-align'><script type=\"text\/javascript\">\r\n    window['nextend-smart-slider-1-onresize'] = [];\r\n<\/script>\r\n\r\n<div id=\"nextend-smart-slider-1\" class=\"nextend-slider-fadeload nextend-desktop \" style=\"font-size: 12px;\" data-allfontsize=\"12\" data-desktopfontsize=\"12\" data-tabletfontsize=\"16\" data-phonefontsize=\"20\">\r\n    <div class=\"smart-slider-border1\" style=\"\">\r\n        <div class=\"smart-slider-border2\">\r\n            \r\n                            <div class=\"smart-slider-canvas smart-slider-slide-active smart-slider-bg-colored\" style=\"cursor:pointer;\" onclick=\"window.location='http:\/\/es.restorethedelta.org\/?page_id=5547'\" >\r\n                                            <img decoding=\"async\" src=\"http:\/\/es.restorethedelta.org\/wp-content\/uploads\/2016\/10\/LATimesEditorial.png\" data-desktop=\"http:\/\/es.restorethedelta.org\/wp-content\/uploads\/2016\/10\/LATimesEditorial.png\"  class=\"nextend-slide-bg\"\/>\r\n                                                            <div class=\"smart-slider-canvas-inner\">\r\n                                            <\/div>\r\n                <\/div>\r\n                            <div class=\"smart-slider-canvas smart-slider-bg-colored\" style=\"cursor:pointer;\" onclick=\"window.location='http:\/\/es.restorethedelta.org\/?page_id=5531'\" >\r\n                                            <img decoding=\"async\" src=\"http:\/\/es.restorethedelta.org\/wp-content\/uploads\/2016\/10\/kcet-story.png\" data-desktop=\"http:\/\/es.restorethedelta.org\/wp-content\/uploads\/2016\/10\/kcet-story.png\"  class=\"nextend-slide-bg\"\/>\r\n                                                            <div class=\"smart-slider-canvas-inner\">\r\n                                            <\/div>\r\n                <\/div>\r\n                            <div class=\"smart-slider-canvas smart-slider-bg-colored\" style=\"cursor:pointer;\" onclick=\"window.location='http:\/\/es.restorethedelta.org\/?page_id=5521'\" >\r\n                                            <img decoding=\"async\" src=\"http:\/\/es.restorethedelta.org\/wp-content\/uploads\/2016\/10\/whowillkpay-1.png\" data-desktop=\"http:\/\/es.restorethedelta.org\/wp-content\/uploads\/2016\/10\/whowillkpay-1.png\"  class=\"nextend-slide-bg\"\/>\r\n                                                            <div class=\"smart-slider-canvas-inner\">\r\n                                            <\/div>\r\n                <\/div>\r\n                            <div class=\"smart-slider-canvas smart-slider-bg-colored\" style=\"cursor:pointer;\" onclick=\"window.location='http:\/\/es.restorethedelta.org\/?page_id=5480'\" >\r\n                                            <img decoding=\"async\" src=\"http:\/\/es.restorethedelta.org\/wp-content\/uploads\/2016\/10\/earthquake-1.png\" data-desktop=\"http:\/\/es.restorethedelta.org\/wp-content\/uploads\/2016\/10\/earthquake-1.png\"  class=\"nextend-slide-bg\"\/>\r\n                                                            <div class=\"smart-slider-canvas-inner\">\r\n                                            <\/div>\r\n                <\/div>\r\n                    <\/div>\r\n    <\/div>\r\n    <div style=\"position: absolute;left:1%;bottom:2%;visibility: hidden;z-index:10; line-height: 0;width:100%;text-align:left;\" class=\"nextend-widget nextend-widget-always nextend-widget-display-desktop nextend-widget-bullet \" ><div class=\"nextend-bullet-container nextend-bullet nextend-bullet-numbers nextend-bullet-numbers-circle nextend-bullet-horizontal\"><div onclick=\"njQuery('#nextend-smart-slider-1').smartslider('goto',0,false);\" data-thumbnail=\"\"  class=\"nextend-bullet nextend-bullet-numbers nextend-bullet-numbers-circle nextend-bullet-horizontal active\"><span class=\"sliderfont7\">\r\n                1\r\n                <\/span><\/div><div onclick=\"njQuery('#nextend-smart-slider-1').smartslider('goto',1,false);\" data-thumbnail=\"\"  class=\"nextend-bullet nextend-bullet-numbers nextend-bullet-numbers-circle nextend-bullet-horizontal\"><span class=\"sliderfont7\">\r\n                2\r\n                <\/span><\/div><div onclick=\"njQuery('#nextend-smart-slider-1').smartslider('goto',2,false);\" data-thumbnail=\"\"  class=\"nextend-bullet nextend-bullet-numbers nextend-bullet-numbers-circle nextend-bullet-horizontal\"><span class=\"sliderfont7\">\r\n                3\r\n                <\/span><\/div><div onclick=\"njQuery('#nextend-smart-slider-1').smartslider('goto',3,false);\" data-thumbnail=\"\"  class=\"nextend-bullet nextend-bullet-numbers nextend-bullet-numbers-circle nextend-bullet-horizontal\"><span class=\"sliderfont7\">\r\n                4\r\n                <\/span><\/div><\/div><\/div><\/div>\r\n\r\n<script type=\"text\/javascript\">\r\n    njQuery(document).ready(function () {\r\n        njQuery('#nextend-smart-slider-1').smartslider({\"translate3d\":1,\"playfirstlayer\":1,\"mainafterout\":0,\"inaftermain\":1,\"fadeonscroll\":0,\"autoplay\":1,\"autoplayConfig\":{\"duration\":5000,\"counter\":0,\"autoplayToSlide\":0,\"stopautoplay\":{\"click\":1,\"mouseenter\":1,\"slideplaying\":1},\"resumeautoplay\":{\"mouseleave\":0,\"slideplayed\":1,\"slidechanged\":0}},\"responsive\":{\"downscale\":1,\"upscale\":1,\"maxwidth\":3000,\"basedon\":\"combined\",\"screenwidth\":{\"tablet\":1024,\"phone\":640},\"ratios\":[1,1,0.7,0.5]},\"controls\":{\"scroll\":0,\"touch\":\"0\",\"keyboard\":0},\"blockrightclick\":0,\"lazyload\":0,\"lazyloadneighbor\":0,\"randomize\":0,\"type\":\"ssSimpleSlider\",\"animation\":[\"horizontal\"],\"animationSettings\":{\"duration\":1500,\"delay\":0,\"easing\":\"easeInOutQuint\",\"parallax\":1},\"flux\":[0,[\"bars\"]],\"touchanimation\":\"0\"});\r\n    });\r\n<\/script>\r\n<div style=\"clear: both;\"><\/div>\r\n<\/div><div id=\"nextend-smart-slider-1-placeholder\" ><img decoding=\"async\" alt=\"\" style=\"width:100%; max-width: 3000px;\" src=\"data:image\/png;base64,iVBORw0KGgoAAAANSUhEUgAAA9wAAAFUCAYAAADWLDSBAAAACXBIWXMAAA7EAAAOxAGVKw4bAAAIFUlEQVR4nO3XQQkAIADAQLV\/Zy3hEOQuwb6bewAAAAC3rdcBAAAA8CPDDQAAAAHDDQAAAAHDDQAAAAHDDQAAAAHDDQAAAAHDDQAAAAHDDQAAAAHDDQAAAAHDDQAAAAHDDQAAAAHDDQAAAAHDDQAAAAHDDQAAAAHDDQAAAAHDDQAAAAHDDQAAAAHDDQAAAAHDDQAAAAHDDQAAAAHDDQAAAAHDDQAAAAHDDQAAAAHDDQAAAAHDDQAAAAHDDQAAAAHDDQAAAAHDDQAAAAHDDQAAAAHDDQAAAAHDDQAAAAHDDQAAAAHDDQAAAAHDDQAAAAHDDQAAAAHDDQAAAAHDDQAAAAHDDQAAAAHDDQAAAAHDDQAAAAHDDQAAAAHDDQAAAAHDDQAAAAHDDQAAAAHDDQAAAAHDDQAAAAHDDQAAAAHDDQAAAAHDDQAAAAHDDQAAAAHDDQAAAAHDDQAAAAHDDQAAAAHDDQAAAAHDDQAAAAHDDQAAAAHDDQAAAAHDDQAAAAHDDQAAAAHDDQAAAAHDDQAAAAHDDQAAAAHDDQAAAAHDDQAAAAHDDQAAAAHDDQAAAAHDDQAAAAHDDQAAAAHDDQAAAAHDDQAAAAHDDQAAAAHDDQAAAAHDDQAAAAHDDQAAAAHDDQAAAAHDDQAAAAHDDQAAAAHDDQAAAAHDDQAAAAHDDQAAAAHDDQAAAAHDDQAAAAHDDQAAAAHDDQAAAAHDDQAAAAHDDQAAAAHDDQAAAAHDDQAAAAHDDQAAAAHDDQAAAAHDDQAAAAHDDQAAAAHDDQAAAAHDDQAAAAHDDQAAAAHDDQAAAAHDDQAAAAHDDQAAAAHDDQAAAAHDDQAAAAHDDQAAAAHDDQAAAAHDDQAAAAHDDQAAAAHDDQAAAAHDDQAAAAHDDQAAAAHDDQAAAAHDDQAAAAHDDQAAAAHDDQAAAAHDDQAAAAHDDQAAAAHDDQAAAAHDDQAAAAHDDQAAAAHDDQAAAAHDDQAAAAHDDQAAAAHDDQAAAAHDDQAAAAHDDQAAAAHDDQAAAAHDDQAAAAHDDQAAAAHDDQAAAAHDDQAAAAHDDQAAAAHDDQAAAAHDDQAAAAHDDQAAAAHDDQAAAAHDDQAAAAHDDQAAAAHDDQAAAAHDDQAAAAHDDQAAAAHDDQAAAAHDDQAAAAHDDQAAAAHDDQAAAAHDDQAAAAHDDQAAAAHDDQAAAAHDDQAAAAHDDQAAAAHDDQAAAAHDDQAAAAHDDQAAAAHDDQAAAAHDDQAAAAHDDQAAAAHDDQAAAAHDDQAAAAHDDQAAAAHDDQAAAAHDDQAAAAHDDQAAAAHDDQAAAAHDDQAAAAHDDQAAAAHDDQAAAAHDDQAAAAHDDQAAAAHDDQAAAAHDDQAAAAHDDQAAAAHDDQAAAAHDDQAAAAHDDQAAAAHDDQAAAAHDDQAAAAHDDQAAAAHDDQAAAAHDDQAAAAHDDQAAAAHDDQAAAAHDDQAAAAHDDQAAAAHDDQAAAAHDDQAAAAHDDQAAAAHDDQAAAAHDDQAAAAHDDQAAAAHDDQAAAAHDDQAAAAHDDQAAAAHDDQAAAAHDDQAAAAHDDQAAAAHDDQAAAAHDDQAAAAHDDQAAAAHDDQAAAAHDDQAAAAHDDQAAAAHDDQAAAAHDDQAAAAHDDQAAAAHDDQAAAAHDDQAAAAHDDQAAAAHDDQAAAAHDDQAAAAHDDQAAAAHDDQAAAAHDDQAAAAHDDQAAAAHDDQAAAAHDDQAAAAHDDQAAAAHDDQAAAAHDDQAAAAHDDQAAAAHDDQAAAAHDDQAAAAHDDQAAAAHDDQAAAAHDDQAAAAHDDQAAAAHDDQAAAAHDDQAAAAHDDQAAAAHDDQAAAAHDDQAAAAHDDQAAAAHDDQAAAAHDDQAAAAHDDQAAAAHDDQAAAAHDDQAAAAHDDQAAAAHDDQAAAAHDDQAAAAHDDQAAAAHDDQAAAAHDDQAAAAHDDQAAAAHDDQAAAAHDDQAAAAHDDQAAAAHDDQAAAAHDDQAAAAHDDQAAAAHDDQAAAAHDDQAAAAHDDQAAAAHDDQAAAAHDDQAAAAHDDQAAAAHDDQAAAAHDDQAAAAHDDQAAAAHDDQAAAAHDDQAAAAHDDQAAAAHDDQAAAAHDDQAAAAHDDQAAAAHDDQAAAAHDDQAAAAHDDQAAAAHDDQAAAAHDDQAAAAHDDQAAAAHDDQAAAAHDDQAAAAHDDQAAAAHDDQAAAAHDDQAAAAHDDQAAAAHDDQAAAAHDDQAAAAHDDQAAAAHDDQAAAAHDDQAAAAHDDQAAAAHDDQAAAAHDDQAAAAHDDQAAAAHDDQAAAAHDDQAAAAHDDQAAAAHDDQAAAAHDDQAAAAHDDQAAAAHDDQAAAAHDDQAAAAHDDQAAAAHDDQAAAAHDDQAAAAHDDQAAAAHDDQAAAAHDDQAAAAHDDQAAAAHDDQAAAAHDDQAAAAHDDQAAAAHDDQAAAAHDDQAAAAHDDQAAAAHDDQAAAAHDDQAAAAHDDQAAAAHDDQAAAAHDDQAAAAHDDQAAAAHDDQAAAAHDDQAAAAHDDQAAAAHDDQAAAAHDDQAAAAHDDQAAAAHDDQAAAAHDDQAAAAHDDQAAAAHDDQAAAAHDDQAAAAHDDQAAAAHDDQAAAAHDDQAAAAHDDQAAAAHDDQAAAAHDDQAAAAHDDQAAAAHDDQAAAAHDDQAAAAHDDQAAAAHDDQAAAAHDDQAAAAHDDQAAAAHDDQAAAAHDDQAAAAHDDQAAAAHDDQAAAAHDDQAAAAHDDQAAAAHDDQAAAIEDoeADpyRme8kAAAAASUVORK5CYII=\" \/><img decoding=\"async\" alt=\"\" style=\"width:100%;\" src=\"data:image\/png;base64,iVBORw0KGgoAAAANSUhEUgAAA9wAAAAUCAYAAAB\/AzVZAAAACXBIWXMAAA7EAAAOxAGVKw4bAAAAlUlEQVR4nO3XQQkAIADAQLV\/Zy3hEOQuwb6bewAAAAC3rdcBAAAA8CPDDQAAAAHDDQAAAAHDDQAAAAHDDQAAAAHDDQAAAAHDDQAAAAHDDQAAAAHDDQAAAAHDDQAAAAHDDQAAAAHDDQAAAAHDDQAAAAHDDQAAAAHDDQAAAAHDDQAAAAHDDQAAAAHDDQAAAAHDDQAAAIEDBxQBJ7bYQuEAAAAASUVORK5CYII=\" \/><\/div>\n<p><strong><span style=\"font-family: tahoma; color:blue; font-size: 18pt;\">Contribuyentes pagar\u00e1n $16 mil millones por T\u00faneles del Delta<\/span><\/strong><\/p>\n<p>&nbsp;<br \/>\n<span style=\"font-family: tahoma;\"><strong>Por Chris Clarke | Septiembre 29, 2016 Esta historia de KCET es patrocinada por los televidentes.<\/strong><br \/>\n<a href=\"https:\/\/www.kcet.org\/redefine\/16-billion-delta-tunnels-may-hit-taxpayers\" target=\"_blank\">Articulo original (KCET)<\/a><br \/>\n&nbsp;<br \/>\n<span style=\"font-family: tahoma;\">Un proyecto para la construcci\u00f3n de dos gigantescos t\u00faneles para desviar agua del Delta del R\u00edo Sacramento, supuestamente iba a ser patrocinado en su totalidad por la gente que recibir\u00eda el agua. Pero los contribuyentes quiz\u00e1s terminen pagando una cantidad considerable del total.<br \/>\n&nbsp;<br \/>\nEsta informaci\u00f3n se deriva de documentos obtenidos por parte del grupo ambientalista Restore the Delta con sede en Stockton que discute el costo del proyecto California WaterFix, el cual se ha proyectado tendr\u00eda un costo de construcci\u00f3n de por lo menos 16 mil millones de d\u00f3lares. Seg\u00fan un an\u00e1lisis in\u00e9dito del proyecto que data del 2015 y que fue obtenido por el grupo, California WaterFix requerir\u00eda un subsidio federal de casi 4 mil millones de d\u00f3lares a fin de ser econ\u00f3micamente viable para los usuarios de agua del sector agr\u00edcola.<br \/>\n&nbsp;<br \/>\nEsta medida va en contra de las promesas que el estado ha hecho de que el proyecto de los t\u00faneles ser\u00eda financiado en su totalidad por los usuarios del agua. E incluso sin un rescate federal, la mayor\u00eda de los costos del proyecto puede que terminen siendo pagados primordialmente por los residentes del Sur de California.<br \/>\n&nbsp;<br \/>\n\u201cCreo que aparte de la gente del Delta, los residentes del Sur de California ser\u00e1n los m\u00e1s afectados [por este proyecto],\u201d dijo la directora ejecutiva del grupo Restore The Delta, Barbara Barrigan-Parrilla, a KCET.<br \/>\n&nbsp;<br \/>\nEl alt\u00edsimo costo de California WaterFix no sorprende a nadie. El proyecto consistir\u00eda en construir dos t\u00faneles de 30 millas de longitud y 40 pies de ancho, que ser\u00edan enterrados a 150 pies por debajo del Delta, los que traer\u00edan agua fresca desde las entradas del R\u00edo Sacramento cerca de Clarksburg a la Planta de Bombeo  del Proyecto de Agua del Estado de California cerca de Livermore. Ah\u00ed se bombear\u00eda el agua al Acueducto California para ser usada por comunidades agr\u00edcolas y ciudades, la mayor\u00eda de ellos en el Valle Central y el Sur de California.<br \/>\n&nbsp;<br \/>\nSe supone que al sacarle la vuelta al Delta, los t\u00faneles iban a abordar un problema considerable del sistema de distribuci\u00f3n de agua en California. Actualmente, la Planta de Bombeo Banks y su contraparte federal,  la Planta de Bombeo Jones del Proyecto del Valle Central, bombean agua directamente de la parte sur del Delta, cambiando el sentido de los caudales de algunos r\u00edos y ci\u00e9nagas, y causan que agua salada de la Bah\u00eda de San Francisco se filtre al ecosistema de agua dulce del Delta.<br \/>\n&nbsp;<br \/>\nAl desviar el agua del R\u00edo Sacramento directamente a las plantas por medio de t\u00faneles en vez de la red ondulante de canales del Delta, California WaterFix, en teor\u00eda, beneficiar\u00eda la vida silvestre y traer\u00eda agua m\u00e1s limpia para las zonas agr\u00edcolas y las ciudades del Sur de California.<br \/>\n&nbsp;<br \/>\nPero los cr\u00edticos dicen que los t\u00faneles, con la capacidad de desviar el caudal completo del Sacramento en a\u00f1os de condiciones de estiaje, brindar\u00eda una justificaci\u00f3n para el aumento de las exportaciones de agua desde un ecosistema de por s\u00ed bastante mermado por los desv\u00edos masivos de agua y por la sequ\u00eda.<br \/>\n&nbsp;<br \/>\nY mientras que el estado por mucho tiempo ha prometido que recursos de los contribuyentes jam\u00e1s ser\u00edan usados para pagar los costos de construcci\u00f3n de este proyecto, un an\u00e1lisis de costo-beneficio realizado en noviembre del 2015 y obtenido por Restore the Delta prev\u00e9 hacer que los usuarios del agua paguen por el proyecto completo pero podr\u00eda lograr que los usuarios agr\u00edcolas opten por salirse.<br \/>\n&nbsp;<br \/>\nEl an\u00e1lisis, preparado para la Agencia de Recursos Naturales del estado por el economista David Sunding de la Universidad de California en Berkeley y para la firma de consultor\u00eda Brattle Group, encontr\u00f3 que incluso con una ayuda de 3.6 mil millones de d\u00f3lares de parte del gobierno federal o cualquier otra fuente, California WaterFix no tendr\u00eda sentido para usuarios del agua en el campo. \u201cBajo los criterios de operaci\u00f3n negociados actualmente,\u201d Sunding escribe en el reporte, \u201cWaterFix no brinda beneficios por encima de los costos para la mayor\u00eda de los usuarios del agua con fines agr\u00edcolas.\u201d<br \/>\n&nbsp;<br \/>\nSi bien es cierto que Sunding encontr\u00f3 que el proyecto era ben\u00e9fico desde el punto de vista econ\u00f3mico para los clientes de agua en zonas urbanas, una inconformidad por parte de compa\u00f1\u00edas de agua para uso agr\u00edcola complicar\u00eda mucho m\u00e1s la situaci\u00f3n. Entre los documentos que Restore the Delta obtuvo por medio de una petici\u00f3n de la Ley de Documentos P\u00fablicos hab\u00eda un email con fecha del 8 de abril del 2016 de David Sunding a Hallmark Group, una firma de servicios financieros contratada para actuar como administrador del programa para el proyecto WaterFix. En el email, Sunding menciona redactar una opci\u00f3n de \u201cuna rampa de salida\u201d disponible para los clientes de WaterFix que opten por no participar en el proyecto, y una discusi\u00f3n sobre cu\u00e1les de los clientes restantes pagar\u00edan por estas obligaciones financieras.<br \/>\n&nbsp;<br \/>\nSi las compa\u00f1\u00edas de agua para usos agr\u00edcolas se integran a esa rampa de salida, una empresa a la que probablemente se le pida que pague su porci\u00f3n de los costos es Metropolitan Water District (o MWD), el cliente potencial m\u00e1s grande del proyecto. MWD estuvo de acuerdo en el 2014 que pagar\u00eda los gastos de pre-construcci\u00f3n del proyecto a nombre de otros clientes del Proyecto de Agua del Estado.<br \/>\n&nbsp;<br \/>\nUn memorandum de septiembre del 2014 que detalla una propuesta de acuerdo entre MWD y el Departamento de Recursos de Agua de California (o DWR, por sus siglas en ingl\u00e9s) dec\u00eda que \u2014 por lo menos en la propuesta del acuerdo\u2014 MWD estar\u00eda financiando hasta 400 millones de d\u00f3lares en costos de preconstrucci\u00f3n al emitir un \u201cpagar\u00e9 comercial,\u201d un t\u00e9rmino que la industria financiera usa para describir notas de pago a corto plazo y sin garant\u00eda.<br \/>\n&nbsp;<br \/>\nY esto plantea la posibilidad de otra ruta por la que los contribuyentes terminen pagando una parte de los costos del proyecto: MWD tiene la autoridad de cobrar impuestos prediales, las ganancias de los cuales la compa\u00f1\u00eda t\u00edpicamente usa para cumplir con sus obligaciones del pago de deuda. En el proyecto de acuerdo del 2014, DWR colectar\u00eda dinero de otros clientes de SWP para pagar la porci\u00f3n de deuda de MWD de esas compa\u00f1\u00edas. Pero si esas compa\u00f1\u00edas no pudieran pagar, los due\u00f1os de propiedades de MWD podr\u00edan terminar sobrellevando esa carga.<br \/>\n&nbsp;<br \/>\n\u201cLos usuarios de agua de Metropolitan pagar\u00e1n por esos t\u00faneles de cuatro maneras,\u201d Barrigan-Parrilla dijo a KCET.  \u201cCon tarifas de agua, impuestos prediales, impuestos estatales, e impuestos federales m\u00e1s altos.\u201d<br \/>\n&nbsp;<br \/>\nUn pagar\u00e9 comercial sin garant\u00eda es un instrumento disponible solamente para compa\u00f1\u00edas con cr\u00e9dito impecable. Esa opci\u00f3n puede que no est\u00e9 abierta para todos los clientes potenciales de WaterFix. El Distrito de Agua Westlands, para dar el ejemplo m\u00e1s obvio, sufri\u00f3 un menoscabo en su historial de cr\u00e9dito tras haberse revelado que el distrito hab\u00eda falseado ingresos ante compradores de bonos. Como compa\u00f1\u00eda robusta que ocupar\u00eda por lo menos un 27 por ciento del abastecimiento de agua que el proyecto WaterFix suministre, no es dif\u00edcil imaginar que a MWD \u2014 y a sus clientes y contribuyentes \u2014se les pida que carguen con el peso de los costos del proyecto si los usuarios agr\u00edcolas deciden salirse.<br \/>\n&nbsp;<br \/>\n\u201cDigamos que la agroindustria decide que t\u00fa no puedes participar; no vas a construir un proyecto.  Metropolitan no va a construir el proyecto.\u201d \u2014 Roger Patterson, MWD<br \/>\n&nbsp;<br \/>\nEl portavoz de MWD Bob Muir, le rest\u00f3 importancia al costo potencial del proyecto WaterFix para los hogares del Sur de California. \u201cCalculamos que el impacto a nuestros clientes ser\u00e1 de 5 d\u00f3lares por familia al mes,\u201d Muir dijo a KCET. Dijo que la contribuci\u00f3n que se tiene proyectada para Met hacia el proyecto en su totalidad ser\u00eda de entre tres y cuatro mil millones de d\u00f3lares, y enfatiz\u00f3 que la compa\u00f1\u00eda ya paga 500 millones de d\u00f3lares al a\u00f1o por su parte del Proyecto del Agua del Estado. \u201cEs una cuota fija,\u201d Muir dijo. \u201cPagamos eso sin importar cu\u00e1nta agua de SWP recibimos cada a\u00f1o.\u201d<br \/>\n&nbsp;<br \/>\nMuir no pudo comentar sobre si el acuerdo de proyecto del 2014 refleja acuerdos financieros entre MWD y DWR sobre el financiamiento de preconstrucci\u00f3n del proyecto WaterFix. El Gerente General de MWD Jeff Kightlinger ha informado a su Junta Directiva que MWD no gastar\u00e1 fondos adicionales hasta que haya un acuerdo de financiamiento. En abril, en una conferencia estatal patrocinada por Capitol Weekly, el Subgerente General de MWD Roger Patterson dijo a los asistentes que MWD no tiene ning\u00fan inter\u00e9s en proceder por s\u00ed solo en el proyecto California WaterFix. \u201cDigamos que la agroindustria decide que no puedes participar; t\u00fa no vas a construir un proyecto.  Metropolitan no va a construir el proyecto.\u201d<br \/>\n&nbsp;<br \/>\nEn la misma conferencia, el panelista Jeff Michael, Director del Centro para Investigaci\u00f3n Comercial y de Pol\u00edtica de la Universidad del Pac\u00edfico, dio a entender que MWD no es la \u00fanica compa\u00f1\u00eda de agua que est\u00e1 pensando en financiar sus gastos por WaterFix por medio de impuestos prediales:<br \/>\n&nbsp;<br \/>\nEs importante notar que los distritos de manejo del agua urbanos est\u00e1n hablando de subir los impuestos prediales para esto y as\u00ed no agregar todos los costos a las tarifas del agua, porque esto har\u00eda que se cobrara mal el suministro de agua al pagarlo por medio de los impuestos prediales, lo cual entiendo se est\u00e1 haciendo m\u00e1s y m\u00e1s parte del plan.<br \/>\nA principios de este a\u00f1o, los partidarios del proyecto ten\u00edan la esperanza de terminar los acuerdos financieros y la revisi\u00f3n de impacto ambiental para antes del fin del 2016. Esta fecha se est\u00e1 volviendo cada vez m\u00e1s poco probable ya que estamos en octubre, y por cada a\u00f1o de retraso los costos se incrementan.<br \/>\n&nbsp;<br \/>\nTodo esto por un proyecto que quiz\u00e1s no brinde a los usuarios del sur ninguna seguridad adicional si la sequ\u00eda persiste. Jeff Michael de la Universidad del Pac\u00edfico hizo notar en su respuesta al an\u00e1lisis de costo-beneficio de Sunding que Sunding bas\u00f3 sus c\u00e1lculos del beneficio en la suposici\u00f3n de que los t\u00faneles brindar\u00edan cuatro veces la cantidad de agua que los mismos documentos ambientales del proyecto dan por sentado. Si se actualiza el an\u00e1lisis que est\u00e1 siendo preparado ahorita por parte de Sunding y se examina esto, puede que la sequ\u00eda misma haga que la principal estrategia para la defensa contra la sequ\u00eda del estado haga injustificable el costo.<\/p>\n<p>&nbsp;<\/p>\n<p>&nbsp;<\/p>\n<p>&nbsp;<\/p>\n","protected":false},"excerpt":{"rendered":"<p>Contribuyentes pagar\u00e1n $16 mil millones por T\u00faneles del Delta &nbsp; Por Chris Clarke | Septiembre 29, 2016 Esta historia de KCET es patrocinada por los televidentes. Articulo original (KCET) &nbsp; Un proyecto para la construcci\u00f3n de dos gigantescos t\u00faneles para desviar agua del Delta del R\u00edo Sacramento, supuestamente iba a ser patrocinado en su totalidad [&hellip;]<\/p>\n","protected":false},"author":3,"featured_media":0,"parent":0,"menu_order":0,"comment_status":"closed","ping_status":"closed","template":"no_sidebars.php","meta":{"footnotes":""},"class_list":["post-5531","page","type-page","status-publish","hentry"],"_links":{"self":[{"href":"http:\/\/es.restorethedelta.org\/index.php?rest_route=\/wp\/v2\/pages\/5531","targetHints":{"allow":["GET"]}}],"collection":[{"href":"http:\/\/es.restorethedelta.org\/index.php?rest_route=\/wp\/v2\/pages"}],"about":[{"href":"http:\/\/es.restorethedelta.org\/index.php?rest_route=\/wp\/v2\/types\/page"}],"author":[{"embeddable":true,"href":"http:\/\/es.restorethedelta.org\/index.php?rest_route=\/wp\/v2\/users\/3"}],"replies":[{"embeddable":true,"href":"http:\/\/es.restorethedelta.org\/index.php?rest_route=%2Fwp%2Fv2%2Fcomments&post=5531"}],"version-history":[{"count":5,"href":"http:\/\/es.restorethedelta.org\/index.php?rest_route=\/wp\/v2\/pages\/5531\/revisions"}],"predecessor-version":[{"id":5546,"href":"http:\/\/es.restorethedelta.org\/index.php?rest_route=\/wp\/v2\/pages\/5531\/revisions\/5546"}],"wp:attachment":[{"href":"http:\/\/es.restorethedelta.org\/index.php?rest_route=%2Fwp%2Fv2%2Fmedia&parent=5531"}],"curies":[{"name":"wp","href":"https:\/\/api.w.org\/{rel}","templated":true}]}}