{"id":5521,"date":"2016-10-25T19:59:22","date_gmt":"2016-10-25T19:59:22","guid":{"rendered":"http:\/\/es.restorethedelta.org\/?page_id=5521"},"modified":"2016-10-25T20:31:13","modified_gmt":"2016-10-25T20:31:13","slug":"5521-2","status":"publish","type":"page","link":"http:\/\/es.restorethedelta.org\/?page_id=5521","title":{"rendered":"Los t\u00faneles de agua de California necesitar\u00edan fondos federales, dice analista"},"content":{"rendered":"<div class='ss2-align'><script type=\"text\/javascript\">\r\n    window['nextend-smart-slider-1-onresize'] = [];\r\n<\/script>\r\n\r\n<div id=\"nextend-smart-slider-1\" class=\"nextend-slider-fadeload nextend-desktop \" style=\"font-size: 12px;\" data-allfontsize=\"12\" data-desktopfontsize=\"12\" data-tabletfontsize=\"16\" data-phonefontsize=\"20\">\r\n    <div class=\"smart-slider-border1\" style=\"\">\r\n        <div class=\"smart-slider-border2\">\r\n            \r\n                            <div class=\"smart-slider-canvas smart-slider-slide-active smart-slider-bg-colored\" style=\"cursor:pointer;\" onclick=\"window.location='http:\/\/es.restorethedelta.org\/?page_id=5547'\" >\r\n                                            <img decoding=\"async\" src=\"http:\/\/es.restorethedelta.org\/wp-content\/uploads\/2016\/10\/LATimesEditorial.png\" data-desktop=\"http:\/\/es.restorethedelta.org\/wp-content\/uploads\/2016\/10\/LATimesEditorial.png\"  class=\"nextend-slide-bg\"\/>\r\n                                                            <div class=\"smart-slider-canvas-inner\">\r\n                                            <\/div>\r\n                <\/div>\r\n                            <div class=\"smart-slider-canvas smart-slider-bg-colored\" style=\"cursor:pointer;\" onclick=\"window.location='http:\/\/es.restorethedelta.org\/?page_id=5531'\" >\r\n                                            <img decoding=\"async\" src=\"http:\/\/es.restorethedelta.org\/wp-content\/uploads\/2016\/10\/kcet-story.png\" data-desktop=\"http:\/\/es.restorethedelta.org\/wp-content\/uploads\/2016\/10\/kcet-story.png\"  class=\"nextend-slide-bg\"\/>\r\n                                                            <div class=\"smart-slider-canvas-inner\">\r\n                                            <\/div>\r\n                <\/div>\r\n                            <div class=\"smart-slider-canvas smart-slider-bg-colored\" style=\"cursor:pointer;\" onclick=\"window.location='http:\/\/es.restorethedelta.org\/?page_id=5521'\" >\r\n                                            <img decoding=\"async\" src=\"http:\/\/es.restorethedelta.org\/wp-content\/uploads\/2016\/10\/whowillkpay-1.png\" data-desktop=\"http:\/\/es.restorethedelta.org\/wp-content\/uploads\/2016\/10\/whowillkpay-1.png\"  class=\"nextend-slide-bg\"\/>\r\n                                                            <div class=\"smart-slider-canvas-inner\">\r\n                                            <\/div>\r\n                <\/div>\r\n                            <div class=\"smart-slider-canvas smart-slider-bg-colored\" style=\"cursor:pointer;\" onclick=\"window.location='http:\/\/es.restorethedelta.org\/?page_id=5480'\" >\r\n                                            <img decoding=\"async\" src=\"http:\/\/es.restorethedelta.org\/wp-content\/uploads\/2016\/10\/earthquake-1.png\" data-desktop=\"http:\/\/es.restorethedelta.org\/wp-content\/uploads\/2016\/10\/earthquake-1.png\"  class=\"nextend-slide-bg\"\/>\r\n                                                            <div class=\"smart-slider-canvas-inner\">\r\n                                            <\/div>\r\n                <\/div>\r\n                    <\/div>\r\n    <\/div>\r\n    <div style=\"position: absolute;left:1%;bottom:2%;visibility: hidden;z-index:10; line-height: 0;width:100%;text-align:left;\" class=\"nextend-widget nextend-widget-always nextend-widget-display-desktop nextend-widget-bullet \" ><div class=\"nextend-bullet-container nextend-bullet nextend-bullet-numbers nextend-bullet-numbers-circle nextend-bullet-horizontal\"><div onclick=\"njQuery('#nextend-smart-slider-1').smartslider('goto',0,false);\" data-thumbnail=\"\"  class=\"nextend-bullet nextend-bullet-numbers nextend-bullet-numbers-circle nextend-bullet-horizontal active\"><span class=\"sliderfont7\">\r\n                1\r\n                <\/span><\/div><div onclick=\"njQuery('#nextend-smart-slider-1').smartslider('goto',1,false);\" data-thumbnail=\"\"  class=\"nextend-bullet nextend-bullet-numbers nextend-bullet-numbers-circle nextend-bullet-horizontal\"><span class=\"sliderfont7\">\r\n                2\r\n                <\/span><\/div><div onclick=\"njQuery('#nextend-smart-slider-1').smartslider('goto',2,false);\" data-thumbnail=\"\"  class=\"nextend-bullet nextend-bullet-numbers nextend-bullet-numbers-circle nextend-bullet-horizontal\"><span class=\"sliderfont7\">\r\n                3\r\n                <\/span><\/div><div onclick=\"njQuery('#nextend-smart-slider-1').smartslider('goto',3,false);\" data-thumbnail=\"\"  class=\"nextend-bullet nextend-bullet-numbers nextend-bullet-numbers-circle nextend-bullet-horizontal\"><span class=\"sliderfont7\">\r\n                4\r\n                <\/span><\/div><\/div><\/div><\/div>\r\n\r\n<script type=\"text\/javascript\">\r\n    njQuery(document).ready(function () {\r\n        njQuery('#nextend-smart-slider-1').smartslider({\"translate3d\":1,\"playfirstlayer\":1,\"mainafterout\":0,\"inaftermain\":1,\"fadeonscroll\":0,\"autoplay\":1,\"autoplayConfig\":{\"duration\":5000,\"counter\":0,\"autoplayToSlide\":0,\"stopautoplay\":{\"click\":1,\"mouseenter\":1,\"slideplaying\":1},\"resumeautoplay\":{\"mouseleave\":0,\"slideplayed\":1,\"slidechanged\":0}},\"responsive\":{\"downscale\":1,\"upscale\":1,\"maxwidth\":3000,\"basedon\":\"combined\",\"screenwidth\":{\"tablet\":1024,\"phone\":640},\"ratios\":[1,1,0.7,0.5]},\"controls\":{\"scroll\":0,\"touch\":\"0\",\"keyboard\":0},\"blockrightclick\":0,\"lazyload\":0,\"lazyloadneighbor\":0,\"randomize\":0,\"type\":\"ssSimpleSlider\",\"animation\":[\"horizontal\"],\"animationSettings\":{\"duration\":1500,\"delay\":0,\"easing\":\"easeInOutQuint\",\"parallax\":1},\"flux\":[0,[\"bars\"]],\"touchanimation\":\"0\"});\r\n    });\r\n<\/script>\r\n<div style=\"clear: both;\"><\/div>\r\n<\/div><div id=\"nextend-smart-slider-1-placeholder\" ><img decoding=\"async\" alt=\"\" style=\"width:100%; max-width: 3000px;\" src=\"data:image\/png;base64,iVBORw0KGgoAAAANSUhEUgAAA9wAAAFUCAYAAADWLDSBAAAACXBIWXMAAA7EAAAOxAGVKw4bAAAIFUlEQVR4nO3XQQkAIADAQLV\/Zy3hEOQuwb6bewAAAAC3rdcBAAAA8CPDDQAAAAHDDQAAAAHDDQAAAAHDDQAAAAHDDQAAAAHDDQAAAAHDDQAAAAHDDQAAAAHDDQAAAAHDDQAAAAHDDQAAAAHDDQAAAAHDDQAAAAHDDQAAAAHDDQAAAAHDDQAAAAHDDQAAAAHDDQAAAAHDDQAAAAHDDQAAAAHDDQAAAAHDDQAAAAHDDQAAAAHDDQAAAAHDDQAAAAHDDQAAAAHDDQAAAAHDDQAAAAHDDQAAAAHDDQAAAAHDDQAAAAHDDQAAAAHDDQAAAAHDDQAAAAHDDQAAAAHDDQAAAAHDDQAAAAHDDQAAAAHDDQAAAAHDDQAAAAHDDQAAAAHDDQAAAAHDDQAAAAHDDQAAAAHDDQAAAAHDDQAAAAHDDQAAAAHDDQAAAAHDDQAAAAHDDQAAAAHDDQAAAAHDDQAAAAHDDQAAAAHDDQAAAAHDDQAAAAHDDQAAAAHDDQAAAAHDDQAAAAHDDQAAAAHDDQAAAAHDDQAAAAHDDQAAAAHDDQAAAAHDDQAAAAHDDQAAAAHDDQAAAAHDDQAAAAHDDQAAAAHDDQAAAAHDDQAAAAHDDQAAAAHDDQAAAAHDDQAAAAHDDQAAAAHDDQAAAAHDDQAAAAHDDQAAAAHDDQAAAAHDDQAAAAHDDQAAAAHDDQAAAAHDDQAAAAHDDQAAAAHDDQAAAAHDDQAAAAHDDQAAAAHDDQAAAAHDDQAAAAHDDQAAAAHDDQAAAAHDDQAAAAHDDQAAAAHDDQAAAAHDDQAAAAHDDQAAAAHDDQAAAAHDDQAAAAHDDQAAAAHDDQAAAAHDDQAAAAHDDQAAAAHDDQAAAAHDDQAAAAHDDQAAAAHDDQAAAAHDDQAAAAHDDQAAAAHDDQAAAAHDDQAAAAHDDQAAAAHDDQAAAAHDDQAAAAHDDQAAAAHDDQAAAAHDDQAAAAHDDQAAAAHDDQAAAAHDDQAAAAHDDQAAAAHDDQAAAAHDDQAAAAHDDQAAAAHDDQAAAAHDDQAAAAHDDQAAAAHDDQAAAAHDDQAAAAHDDQAAAAHDDQAAAAHDDQAAAAHDDQAAAAHDDQAAAAHDDQAAAAHDDQAAAAHDDQAAAAHDDQAAAAHDDQAAAAHDDQAAAAHDDQAAAAHDDQAAAAHDDQAAAAHDDQAAAAHDDQAAAAHDDQAAAAHDDQAAAAHDDQAAAAHDDQAAAAHDDQAAAAHDDQAAAAHDDQAAAAHDDQAAAAHDDQAAAAHDDQAAAAHDDQAAAAHDDQAAAAHDDQAAAAHDDQAAAAHDDQAAAAHDDQAAAAHDDQAAAAHDDQAAAAHDDQAAAAHDDQAAAAHDDQAAAAHDDQAAAAHDDQAAAAHDDQAAAAHDDQAAAAHDDQAAAAHDDQAAAAHDDQAAAAHDDQAAAAHDDQAAAAHDDQAAAAHDDQAAAAHDDQAAAAHDDQAAAAHDDQAAAAHDDQAAAAHDDQAAAAHDDQAAAAHDDQAAAAHDDQAAAAHDDQAAAAHDDQAAAAHDDQAAAAHDDQAAAAHDDQAAAAHDDQAAAAHDDQAAAAHDDQAAAAHDDQAAAAHDDQAAAAHDDQAAAAHDDQAAAAHDDQAAAAHDDQAAAAHDDQAAAAHDDQAAAAHDDQAAAAHDDQAAAAHDDQAAAAHDDQAAAAHDDQAAAAHDDQAAAAHDDQAAAAHDDQAAAAHDDQAAAAHDDQAAAAHDDQAAAAHDDQAAAAHDDQAAAAHDDQAAAAHDDQAAAAHDDQAAAAHDDQAAAAHDDQAAAAHDDQAAAAHDDQAAAAHDDQAAAAHDDQAAAAHDDQAAAAHDDQAAAAHDDQAAAAHDDQAAAAHDDQAAAAHDDQAAAAHDDQAAAAHDDQAAAAHDDQAAAAHDDQAAAAHDDQAAAAHDDQAAAAHDDQAAAAHDDQAAAAHDDQAAAAHDDQAAAAHDDQAAAAHDDQAAAAHDDQAAAAHDDQAAAAHDDQAAAAHDDQAAAAHDDQAAAAHDDQAAAAHDDQAAAAHDDQAAAAHDDQAAAAHDDQAAAAHDDQAAAAHDDQAAAAHDDQAAAAHDDQAAAAHDDQAAAAHDDQAAAAHDDQAAAAHDDQAAAAHDDQAAAAHDDQAAAAHDDQAAAAHDDQAAAAHDDQAAAAHDDQAAAAHDDQAAAAHDDQAAAAHDDQAAAAHDDQAAAAHDDQAAAAHDDQAAAAHDDQAAAAHDDQAAAAHDDQAAAAHDDQAAAAHDDQAAAAHDDQAAAAHDDQAAAAHDDQAAAAHDDQAAAAHDDQAAAAHDDQAAAAHDDQAAAAHDDQAAAAHDDQAAAAHDDQAAAAHDDQAAAAHDDQAAAAHDDQAAAAHDDQAAAAHDDQAAAAHDDQAAAAHDDQAAAAHDDQAAAAHDDQAAAAHDDQAAAAHDDQAAAAHDDQAAAAHDDQAAAAHDDQAAAAHDDQAAAAHDDQAAAAHDDQAAAAHDDQAAAAHDDQAAAAHDDQAAAAHDDQAAAAHDDQAAAAHDDQAAAAHDDQAAAAHDDQAAAAHDDQAAAAHDDQAAAAHDDQAAAAHDDQAAAAHDDQAAAAHDDQAAAAHDDQAAAAHDDQAAAAHDDQAAAAHDDQAAAAHDDQAAAAHDDQAAAAHDDQAAAAHDDQAAAAHDDQAAAAHDDQAAAAHDDQAAAAHDDQAAAAHDDQAAAAHDDQAAAAHDDQAAAAHDDQAAAAHDDQAAAAHDDQAAAAHDDQAAAAHDDQAAAAHDDQAAAAHDDQAAAAHDDQAAAIEDoeADpyRme8kAAAAASUVORK5CYII=\" \/><img decoding=\"async\" alt=\"\" style=\"width:100%;\" src=\"data:image\/png;base64,iVBORw0KGgoAAAANSUhEUgAAA9wAAAAUCAYAAAB\/AzVZAAAACXBIWXMAAA7EAAAOxAGVKw4bAAAAlUlEQVR4nO3XQQkAIADAQLV\/Zy3hEOQuwb6bewAAAAC3rdcBAAAA8CPDDQAAAAHDDQAAAAHDDQAAAAHDDQAAAAHDDQAAAAHDDQAAAAHDDQAAAAHDDQAAAAHDDQAAAAHDDQAAAAHDDQAAAAHDDQAAAAHDDQAAAAHDDQAAAAHDDQAAAAHDDQAAAAHDDQAAAAHDDQAAAIEDBxQBJ7bYQuEAAAAASUVORK5CYII=\" \/><\/div>\n<p><strong><span style=\"font-family: tahoma; color:blue; font-size: 18pt;\">Los t\u00faneles de agua de California necesitar\u00edan fondos federales, dice analista<\/span><\/strong><\/p>\n<p>&nbsp;<br \/>\n<span style=\"font-family: tahoma;\"><strong>ELLEN KNICKMEYER Associated Press<\/strong> <a href=\"http:\/\/www.latimes.com\/nation\/sns-bc-us--california-water-tunnels-cost-20160914-story.html\" target=\"_blank\">Articulo original (LA Times)<\/a><br \/>\n&nbsp;<br \/>\nSEPTIEMBRE 14, 2016, 3:30PM | San Francisco<br \/>\n&nbsp;<br \/>\n<span style=\"font-family: tahoma;\">Los gigantescos t\u00faneles que el Gobernador Jerry Brown quiere construir para transportar agua a lo largo de California son econ\u00f3micamente viables solamente si el gobierno federal paga una tercera parte de los 16 mil millones de d\u00f3lares que se calcula costar\u00eda porque los distritos locales de manejo de agua puede que no se beneficien como se pensaba, de acuerdo a un an\u00e1lisis que el estado comision\u00f3 el a\u00f1o pasado pero que nunca fue dado a conocer.<br \/>\n&nbsp;<br \/>\nLos hallazgos se contraponen a las largas promesas por parte del estado de que los distritos que saquen agua de los t\u00faneles son los que pagar\u00edan el costo completo. Restore the Delta, un grupo que se opone al proyecto, obtuvo en el oto\u00f1o del 2015 &#8211;por medio de las leyes de acceso a documentos p\u00fablicos&#8211; el an\u00e1lisis de costos y correos electr\u00f3nicos y di\u00f3 a conocer los resultados.<br \/>\nEl an\u00e1lisis y sus nuevas suposiciones de transferir algunos de los costos a los contribuyentes probablemente intensifiquen el debate sobre la propuesta de Brown de construir dos t\u00faneles de 12 metros de altura para transportar agua del R\u00edo Sacramento en el Norte de California, justo arriba de su delta con el R\u00edo San Joaqu\u00edn, a 56 kil\u00f3metros al sur para los influyentes distritos de manejo de agua de las zonas agr\u00edculas y urbanas, incluyendo el mayor centro de poblaci\u00f3n en el estado: Los Angeles.<br \/>\n&nbsp;<br \/>\nGrupos de convervaci\u00f3n y partidarios del proyecto no se ponen de acuerdo sobre si los t\u00faneles perjudicar\u00edan o ayudar\u00edan a docenas de peces nativos amenazados y otras especies del Delta, que llega hasta la Bah\u00eda de San Francisco y es parte del estuario m\u00e1s grande en la Costa Oeste.<br \/>\n&nbsp;<br \/>\nEl an\u00e1lisis de costo-beneficio realizado por el economista David Sunding de la Universidad de California, en Berkeley, por primera vez plantea la posibilidad de que se van a necesitar fondos federales. Funcionarios del gobierno de Estados Unidos no han dicho p\u00fablicamente si van a ayudar a sufragar el costo.<br \/>\n&nbsp;<br \/>\nAparte, ning\u00fan distrito de manejo de agua local ha estado de acuerdo en pagar su porci\u00f3n del costo de los t\u00faneles porque hay incertidumbre sobre la aprobaci\u00f3n regulatoria y si para ellos va a valer la pena el desembolso. El gasto en el proyecto se ha convertido en el tema de una auditor\u00eda estatal y una revisi\u00f3n federal de recursos financieros.<br \/>\nLos distritos ya protestaron, por lo que el estado por primera vez est\u00e1 usando recursos p\u00fablicos\u2014 cuotas pagadas por usuarios de proyectos hidr\u00e1ulicos estatales existentes\u2014 para ayudar al proyecto a salir de la fase de planeaci\u00f3n, dijo la portavoz estatal Nancy Vogel a The Associated Press el mes pasado.<br \/>\n&nbsp;<br \/>\nVogel el mi\u00e9rcoles caracteriz\u00f3 el an\u00e1lisis comisionado por el estado como &#8220;obsoleto e incompleto.&#8221; California no ha llegado a la conclusi\u00f3n de que los t\u00faneles requieren fondos federales para hacer factible el proyecto, dijo.<br \/>\n&nbsp;<br \/>\nLa Agencia de Recursos Naturales del estado comision\u00f3 el estudio a Sunding, quien es economista en la consultor\u00eda Brattle Group. Revis\u00f3 cuidadosamente la porci\u00f3n de los costos que los distritos de agua rurales y urbanos deber\u00edan pagar y analiz\u00f3 si obtendr\u00edan agua de manera consistente para determinar si el precio del proyecto vale la pena para ellos.<br \/>\nSin embargo, incluso si el gobierno federal o cualquier otra parte interviene para pagar un tercio de los costos, los t\u00faneles como se encuentran en la propuesta ahora valdr\u00edan la pena solamente para los distritos de manejo del agua urbanos, no para los rurales, escribi\u00f3 Sunding.<br \/>\n&nbsp;<br \/>\nSi los distritos de agua tienen que pagar todos los costos, como el estado dice tener la intenci\u00f3n de hacer, &#8220;entonces los beneficios netos del proyecto son incluso m\u00e1s negativos&#8221; para los distritos rurales que ayudar\u00edan a pagarlo, Sunding escribi\u00f3.<br \/>\n&nbsp;<br \/>\nLa Administraci\u00f3n Brown est\u00e1 presionando para recibir el permiso estatal y federal para construir los t\u00faneles, los cuales reemplazar\u00edan parte del sistema de distribuci\u00f3n del agua de medio siglo de antig\u00fcedad que fuera construido por su padre, Pat Brown, cuando \u00e9ste era gobernador.<br \/>\n&nbsp;<br \/>\nEl an\u00e1lisis toma en cuenta la suposici\u00f3n de que el delta en a\u00f1os venideros padecer\u00e1 un terremoto de 6.7 grados de magnitud, y Sunding predice que un sismo as\u00ed pondr\u00eda fuera de combate al sistema de distribuci\u00f3n del agua por hasta 30 meses pero dejar\u00eda a los t\u00faneles, si se construyeran, intactos.<br \/>\n&nbsp;<br \/>\nLos ge\u00f3logos y los ingenieros difieren en el impacto que tal terremoto tendr\u00eda en el sistema de distribuci\u00f3n de agua del estado.<br \/>\n&nbsp;<br \/>\nBarbara Barrigan-Parrilla de Restore the Delta dijo que funcionarios de la Administraci\u00f3n Brown &#8220;tienen que poner cifras infladas en el an\u00e1lisis econ\u00f3mico &#8230; para intentar crear la justificaci\u00f3n econ\u00f3mica &#8221; para los t\u00faneles.<br \/>\n&nbsp;<br \/>\n<em>Copyright 2016 The Associated Press. All rights reserved. This material may not be published, broadcast, rewritten or redistributed.<\/em><br \/>\n&nbsp;<\/p>\n<p>&nbsp;<\/p>\n<p>&nbsp;<\/p>\n","protected":false},"excerpt":{"rendered":"<p>Los t\u00faneles de agua de California necesitar\u00edan fondos federales, dice analista &nbsp; ELLEN KNICKMEYER Associated Press Articulo original (LA Times) &nbsp; SEPTIEMBRE 14, 2016, 3:30PM | San Francisco &nbsp; Los gigantescos t\u00faneles que el Gobernador Jerry Brown quiere construir para transportar agua a lo largo de California son econ\u00f3micamente viables solamente si el gobierno federal [&hellip;]<\/p>\n","protected":false},"author":3,"featured_media":0,"parent":0,"menu_order":0,"comment_status":"closed","ping_status":"closed","template":"no_sidebars.php","meta":{"footnotes":""},"class_list":["post-5521","page","type-page","status-publish","hentry"],"_links":{"self":[{"href":"http:\/\/es.restorethedelta.org\/index.php?rest_route=\/wp\/v2\/pages\/5521","targetHints":{"allow":["GET"]}}],"collection":[{"href":"http:\/\/es.restorethedelta.org\/index.php?rest_route=\/wp\/v2\/pages"}],"about":[{"href":"http:\/\/es.restorethedelta.org\/index.php?rest_route=\/wp\/v2\/types\/page"}],"author":[{"embeddable":true,"href":"http:\/\/es.restorethedelta.org\/index.php?rest_route=\/wp\/v2\/users\/3"}],"replies":[{"embeddable":true,"href":"http:\/\/es.restorethedelta.org\/index.php?rest_route=%2Fwp%2Fv2%2Fcomments&post=5521"}],"version-history":[{"count":10,"href":"http:\/\/es.restorethedelta.org\/index.php?rest_route=\/wp\/v2\/pages\/5521\/revisions"}],"predecessor-version":[{"id":5545,"href":"http:\/\/es.restorethedelta.org\/index.php?rest_route=\/wp\/v2\/pages\/5521\/revisions\/5545"}],"wp:attachment":[{"href":"http:\/\/es.restorethedelta.org\/index.php?rest_route=%2Fwp%2Fv2%2Fmedia&parent=5521"}],"curies":[{"name":"wp","href":"https:\/\/api.w.org\/{rel}","templated":true}]}}