{"id":5467,"date":"2016-10-24T22:33:28","date_gmt":"2016-10-24T22:33:28","guid":{"rendered":"http:\/\/es.restorethedelta.org\/?page_id=5467"},"modified":"2016-10-25T20:11:55","modified_gmt":"2016-10-25T20:11:55","slug":"hay-una-mejor-solucion","status":"publish","type":"page","link":"http:\/\/es.restorethedelta.org\/?page_id=5467","title":{"rendered":"Hay una mejor soluci\u00f3n"},"content":{"rendered":"<div class='ss2-align'><script type=\"text\/javascript\">\r\n    window['nextend-smart-slider-1-onresize'] = [];\r\n<\/script>\r\n\r\n<div id=\"nextend-smart-slider-1\" class=\"nextend-slider-fadeload nextend-desktop \" style=\"font-size: 12px;\" data-allfontsize=\"12\" data-desktopfontsize=\"12\" data-tabletfontsize=\"16\" data-phonefontsize=\"20\">\r\n    <div class=\"smart-slider-border1\" style=\"\">\r\n        <div class=\"smart-slider-border2\">\r\n            \r\n                            <div class=\"smart-slider-canvas smart-slider-slide-active smart-slider-bg-colored\" style=\"cursor:pointer;\" onclick=\"window.location='http:\/\/es.restorethedelta.org\/?page_id=5547'\" >\r\n                                            <img decoding=\"async\" src=\"http:\/\/es.restorethedelta.org\/wp-content\/uploads\/2016\/10\/LATimesEditorial.png\" data-desktop=\"http:\/\/es.restorethedelta.org\/wp-content\/uploads\/2016\/10\/LATimesEditorial.png\"  class=\"nextend-slide-bg\"\/>\r\n                                                            <div class=\"smart-slider-canvas-inner\">\r\n                                            <\/div>\r\n                <\/div>\r\n                            <div class=\"smart-slider-canvas smart-slider-bg-colored\" style=\"cursor:pointer;\" onclick=\"window.location='http:\/\/es.restorethedelta.org\/?page_id=5531'\" >\r\n                                            <img decoding=\"async\" src=\"http:\/\/es.restorethedelta.org\/wp-content\/uploads\/2016\/10\/kcet-story.png\" data-desktop=\"http:\/\/es.restorethedelta.org\/wp-content\/uploads\/2016\/10\/kcet-story.png\"  class=\"nextend-slide-bg\"\/>\r\n                                                            <div class=\"smart-slider-canvas-inner\">\r\n                                            <\/div>\r\n                <\/div>\r\n                            <div class=\"smart-slider-canvas smart-slider-bg-colored\" style=\"cursor:pointer;\" onclick=\"window.location='http:\/\/es.restorethedelta.org\/?page_id=5521'\" >\r\n                                            <img decoding=\"async\" src=\"http:\/\/es.restorethedelta.org\/wp-content\/uploads\/2016\/10\/whowillkpay-1.png\" data-desktop=\"http:\/\/es.restorethedelta.org\/wp-content\/uploads\/2016\/10\/whowillkpay-1.png\"  class=\"nextend-slide-bg\"\/>\r\n                                                            <div class=\"smart-slider-canvas-inner\">\r\n                                            <\/div>\r\n                <\/div>\r\n                            <div class=\"smart-slider-canvas smart-slider-bg-colored\" style=\"cursor:pointer;\" onclick=\"window.location='http:\/\/es.restorethedelta.org\/?page_id=5480'\" >\r\n                                            <img decoding=\"async\" src=\"http:\/\/es.restorethedelta.org\/wp-content\/uploads\/2016\/10\/earthquake-1.png\" data-desktop=\"http:\/\/es.restorethedelta.org\/wp-content\/uploads\/2016\/10\/earthquake-1.png\"  class=\"nextend-slide-bg\"\/>\r\n                                                            <div class=\"smart-slider-canvas-inner\">\r\n                                            <\/div>\r\n                <\/div>\r\n                    <\/div>\r\n    <\/div>\r\n    <div style=\"position: absolute;left:1%;bottom:2%;visibility: hidden;z-index:10; line-height: 0;width:100%;text-align:left;\" class=\"nextend-widget nextend-widget-always nextend-widget-display-desktop nextend-widget-bullet \" ><div class=\"nextend-bullet-container nextend-bullet nextend-bullet-numbers nextend-bullet-numbers-circle nextend-bullet-horizontal\"><div onclick=\"njQuery('#nextend-smart-slider-1').smartslider('goto',0,false);\" data-thumbnail=\"\"  class=\"nextend-bullet nextend-bullet-numbers nextend-bullet-numbers-circle nextend-bullet-horizontal active\"><span class=\"sliderfont7\">\r\n                1\r\n                <\/span><\/div><div onclick=\"njQuery('#nextend-smart-slider-1').smartslider('goto',1,false);\" data-thumbnail=\"\"  class=\"nextend-bullet nextend-bullet-numbers nextend-bullet-numbers-circle nextend-bullet-horizontal\"><span class=\"sliderfont7\">\r\n                2\r\n                <\/span><\/div><div onclick=\"njQuery('#nextend-smart-slider-1').smartslider('goto',2,false);\" data-thumbnail=\"\"  class=\"nextend-bullet nextend-bullet-numbers nextend-bullet-numbers-circle nextend-bullet-horizontal\"><span class=\"sliderfont7\">\r\n                3\r\n                <\/span><\/div><div onclick=\"njQuery('#nextend-smart-slider-1').smartslider('goto',3,false);\" data-thumbnail=\"\"  class=\"nextend-bullet nextend-bullet-numbers nextend-bullet-numbers-circle nextend-bullet-horizontal\"><span class=\"sliderfont7\">\r\n                4\r\n                <\/span><\/div><\/div><\/div><\/div>\r\n\r\n<script type=\"text\/javascript\">\r\n    njQuery(document).ready(function () {\r\n        njQuery('#nextend-smart-slider-1').smartslider({\"translate3d\":1,\"playfirstlayer\":1,\"mainafterout\":0,\"inaftermain\":1,\"fadeonscroll\":0,\"autoplay\":1,\"autoplayConfig\":{\"duration\":5000,\"counter\":0,\"autoplayToSlide\":0,\"stopautoplay\":{\"click\":1,\"mouseenter\":1,\"slideplaying\":1},\"resumeautoplay\":{\"mouseleave\":0,\"slideplayed\":1,\"slidechanged\":0}},\"responsive\":{\"downscale\":1,\"upscale\":1,\"maxwidth\":3000,\"basedon\":\"combined\",\"screenwidth\":{\"tablet\":1024,\"phone\":640},\"ratios\":[1,1,0.7,0.5]},\"controls\":{\"scroll\":0,\"touch\":\"0\",\"keyboard\":0},\"blockrightclick\":0,\"lazyload\":0,\"lazyloadneighbor\":0,\"randomize\":0,\"type\":\"ssSimpleSlider\",\"animation\":[\"horizontal\"],\"animationSettings\":{\"duration\":1500,\"delay\":0,\"easing\":\"easeInOutQuint\",\"parallax\":1},\"flux\":[0,[\"bars\"]],\"touchanimation\":\"0\"});\r\n    });\r\n<\/script>\r\n<div style=\"clear: both;\"><\/div>\r\n<\/div><div id=\"nextend-smart-slider-1-placeholder\" ><img decoding=\"async\" alt=\"\" style=\"width:100%; max-width: 3000px;\" src=\"data:image\/png;base64,iVBORw0KGgoAAAANSUhEUgAAA9wAAAFUCAYAAADWLDSBAAAACXBIWXMAAA7EAAAOxAGVKw4bAAAIFUlEQVR4nO3XQQkAIADAQLV\/Zy3hEOQuwb6bewAAAAC3rdcBAAAA8CPDDQAAAAHDDQAAAAHDDQAAAAHDDQAAAAHDDQAAAAHDDQAAAAHDDQAAAAHDDQAAAAHDDQAAAAHDDQAAAAHDDQAAAAHDDQAAAAHDDQAAAAHDDQAAAAHDDQAAAAHDDQAAAAHDDQAAAAHDDQAAAAHDDQAAAAHDDQAAAAHDDQAAAAHDDQAAAAHDDQAAAAHDDQAAAAHDDQAAAAHDDQAAAAHDDQAAAAHDDQAAAAHDDQAAAAHDDQAAAAHDDQAAAAHDDQAAAAHDDQAAAAHDDQAAAAHDDQAAAAHDDQAAAAHDDQAAAAHDDQAAAAHDDQAAAAHDDQAAAAHDDQAAAAHDDQAAAAHDDQAAAAHDDQAAAAHDDQAAAAHDDQAAAAHDDQAAAAHDDQAAAAHDDQAAAAHDDQAAAAHDDQAAAAHDDQAAAAHDDQAAAAHDDQAAAAHDDQAAAAHDDQAAAAHDDQAAAAHDDQAAAAHDDQAAAAHDDQAAAAHDDQAAAAHDDQAAAAHDDQAAAAHDDQAAAAHDDQAAAAHDDQAAAAHDDQAAAAHDDQAAAAHDDQAAAAHDDQAAAAHDDQAAAAHDDQAAAAHDDQAAAAHDDQAAAAHDDQAAAAHDDQAAAAHDDQAAAAHDDQAAAAHDDQAAAAHDDQAAAAHDDQAAAAHDDQAAAAHDDQAAAAHDDQAAAAHDDQAAAAHDDQAAAAHDDQAAAAHDDQAAAAHDDQAAAAHDDQAAAAHDDQAAAAHDDQAAAAHDDQAAAAHDDQAAAAHDDQAAAAHDDQAAAAHDDQAAAAHDDQAAAAHDDQAAAAHDDQAAAAHDDQAAAAHDDQAAAAHDDQAAAAHDDQAAAAHDDQAAAAHDDQAAAAHDDQAAAAHDDQAAAAHDDQAAAAHDDQAAAAHDDQAAAAHDDQAAAAHDDQAAAAHDDQAAAAHDDQAAAAHDDQAAAAHDDQAAAAHDDQAAAAHDDQAAAAHDDQAAAAHDDQAAAAHDDQAAAAHDDQAAAAHDDQAAAAHDDQAAAAHDDQAAAAHDDQAAAAHDDQAAAAHDDQAAAAHDDQAAAAHDDQAAAAHDDQAAAAHDDQAAAAHDDQAAAAHDDQAAAAHDDQAAAAHDDQAAAAHDDQAAAAHDDQAAAAHDDQAAAAHDDQAAAAHDDQAAAAHDDQAAAAHDDQAAAAHDDQAAAAHDDQAAAAHDDQAAAAHDDQAAAAHDDQAAAAHDDQAAAAHDDQAAAAHDDQAAAAHDDQAAAAHDDQAAAAHDDQAAAAHDDQAAAAHDDQAAAAHDDQAAAAHDDQAAAAHDDQAAAAHDDQAAAAHDDQAAAAHDDQAAAAHDDQAAAAHDDQAAAAHDDQAAAAHDDQAAAAHDDQAAAAHDDQAAAAHDDQAAAAHDDQAAAAHDDQAAAAHDDQAAAAHDDQAAAAHDDQAAAAHDDQAAAAHDDQAAAAHDDQAAAAHDDQAAAAHDDQAAAAHDDQAAAAHDDQAAAAHDDQAAAAHDDQAAAAHDDQAAAAHDDQAAAAHDDQAAAAHDDQAAAAHDDQAAAAHDDQAAAAHDDQAAAAHDDQAAAAHDDQAAAAHDDQAAAAHDDQAAAAHDDQAAAAHDDQAAAAHDDQAAAAHDDQAAAAHDDQAAAAHDDQAAAAHDDQAAAAHDDQAAAAHDDQAAAAHDDQAAAAHDDQAAAAHDDQAAAAHDDQAAAAHDDQAAAAHDDQAAAAHDDQAAAAHDDQAAAAHDDQAAAAHDDQAAAAHDDQAAAAHDDQAAAAHDDQAAAAHDDQAAAAHDDQAAAAHDDQAAAAHDDQAAAAHDDQAAAAHDDQAAAAHDDQAAAAHDDQAAAAHDDQAAAAHDDQAAAAHDDQAAAAHDDQAAAAHDDQAAAAHDDQAAAAHDDQAAAAHDDQAAAAHDDQAAAAHDDQAAAAHDDQAAAAHDDQAAAAHDDQAAAAHDDQAAAAHDDQAAAAHDDQAAAAHDDQAAAAHDDQAAAAHDDQAAAAHDDQAAAAHDDQAAAAHDDQAAAAHDDQAAAAHDDQAAAAHDDQAAAAHDDQAAAAHDDQAAAAHDDQAAAAHDDQAAAAHDDQAAAAHDDQAAAAHDDQAAAAHDDQAAAAHDDQAAAAHDDQAAAAHDDQAAAAHDDQAAAAHDDQAAAAHDDQAAAAHDDQAAAAHDDQAAAAHDDQAAAAHDDQAAAAHDDQAAAAHDDQAAAAHDDQAAAAHDDQAAAAHDDQAAAAHDDQAAAAHDDQAAAAHDDQAAAAHDDQAAAAHDDQAAAAHDDQAAAAHDDQAAAAHDDQAAAAHDDQAAAAHDDQAAAAHDDQAAAAHDDQAAAAHDDQAAAAHDDQAAAAHDDQAAAAHDDQAAAAHDDQAAAAHDDQAAAAHDDQAAAAHDDQAAAAHDDQAAAAHDDQAAAAHDDQAAAAHDDQAAAAHDDQAAAAHDDQAAAAHDDQAAAAHDDQAAAAHDDQAAAAHDDQAAAAHDDQAAAAHDDQAAAAHDDQAAAAHDDQAAAAHDDQAAAAHDDQAAAAHDDQAAAAHDDQAAAAHDDQAAAAHDDQAAAAHDDQAAAAHDDQAAAAHDDQAAAAHDDQAAAAHDDQAAAAHDDQAAAAHDDQAAAAHDDQAAAAHDDQAAAAHDDQAAAAHDDQAAAAHDDQAAAAHDDQAAAAHDDQAAAAHDDQAAAAHDDQAAAAHDDQAAAAHDDQAAAAHDDQAAAAHDDQAAAAHDDQAAAAHDDQAAAAHDDQAAAAHDDQAAAAHDDQAAAIEDoeADpyRme8kAAAAASUVORK5CYII=\" \/><img decoding=\"async\" alt=\"\" style=\"width:100%;\" src=\"data:image\/png;base64,iVBORw0KGgoAAAANSUhEUgAAA9wAAAAUCAYAAAB\/AzVZAAAACXBIWXMAAA7EAAAOxAGVKw4bAAAAlUlEQVR4nO3XQQkAIADAQLV\/Zy3hEOQuwb6bewAAAAC3rdcBAAAA8CPDDQAAAAHDDQAAAAHDDQAAAAHDDQAAAAHDDQAAAAHDDQAAAAHDDQAAAAHDDQAAAAHDDQAAAAHDDQAAAAHDDQAAAAHDDQAAAAHDDQAAAAHDDQAAAAHDDQAAAAHDDQAAAAHDDQAAAAHDDQAAAIEDBxQBJ7bYQuEAAAAASUVORK5CYII=\" \/><\/div>\n<p><center><strong><span style=\"font-family: tahoma; color:blue; font-size: 20pt;\">Hay una mejor soluci\u00f3n<\/span><\/strong><\/center><\/p>\n<p><span style=\"font-family: tahoma;\">El estuario del Delta de la Bah\u00eda de San Francisco es duradero y sustentable. Es una joya en bruto que necesita ser pulida un poco. <strong>Lo que el Delta necesita es recuperar los caudales de agua y modernizar los diques.<\/strong> Con estas mejoras, el Delta puede llegar a convertirse en un lugar donde la agricultura sustentable pueda prosperar conjuntamente con el medio ambiente sano.<br \/>\n&nbsp;<br \/>\n<strong><span style=\"color: blue; font-size: 18pt;\">1. Reforzar los diques existentes en el Delta <\/span><\/strong><br \/>\n&nbsp;<br \/>\n<strong>Fortalecer los diques que ya est\u00e1n en el Delta es una manera m\u00e1s eficiente y m\u00e1s efectiva para garantizar confiablidad del suministro de agua para el estado y para preservar la estabilidad ambiental y econ\u00f3mica de la zona del Delta, mientras que los diques protegen el suministro y la calidad del agua. Los costos de modernizaci\u00f3n para reforzar los diques son de entre $2-4 mil millones de acuerdo a la Comisi\u00f3n de Protecci\u00f3n al Delta.<\/strong> En marcado contraste, los t\u00faneles CA Water Fix Delta podr\u00edan ascender a $60 mil millones cuando se agreguen los intereses, la administraci\u00f3n, la investigaci\u00f3n, la operaci\u00f3n y las cuotas de mantenimiento al costo de construcci\u00f3n de 17 mil millones de d\u00f3lares.<br \/>\n&nbsp;<br \/>\nLos diques necesitar\u00e1n rehabilitaci\u00f3n incluso si se construyen los t\u00faneles CA Water Fix Delta, ya que hay $20 mil millones en infrastructura (v\u00edas ferroviarias, l\u00edneas de gas, instalaciones de electricidad, carreteras p\u00fablicas), y 4 millones de personas en el Delta que necesitan protecci\u00f3n. Estudios recientes por parte de la Comisi\u00f3n de Protecci\u00f3n al Delta indican que si una cat\u00e1strofe fuera a ocurrir, 80% del costo y 100% de la p\u00e9rdida de vida ocurrir\u00edan dentro del Delta.<br \/>\n&nbsp;<br \/>\n<span style=\"color: blue; font-size: 18pt;\"><strong>2. Seguir el consejo de los expertos estatales: Reducir la cantidad de agua tomada del Delta, y retirar terrenos agr\u00edcolas t\u00f3xicos<\/strong><\/span><br \/>\n&nbsp;<br \/>\n<strong>\u2022 California necesita reconocer la carga excesiva que ha puesto en el sistema de agua, y comenzar un c\u00e1lculo verdadero que determine cu\u00e1nto l\u00edquido queda disponible realmente.<br \/>\n\u2022 Las exportaciones seguras deben ocurrir solamente durante la \u00e9poca de lluvia, no durante per\u00edodos \u00e1ridos.<br \/>\n\u2022 Se necesita hacer inversiones para retirar las tierras de uso agr\u00edcola que se han da\u00f1ado por el drenaje en el Valle Central.<\/strong><br \/>\n&nbsp;<br \/>\nEn vez de destruir el Delta para satisfacer las necesidades de agua de las gigantescas y multimillonarias operaciones agr\u00edcolas y desarrollos en el desierto, eliminemos el mito de que existe un \u201cexcedente\u201d de agua.<br \/>\n&nbsp;<br \/>\nRetiremos las tierras t\u00f3xicas que no se drenan de manera correcta y que no sirven para el cultivo. Una parte considerable del agua del Delta llega a tierra seca y contaminada que se vac\u00eda hacia los r\u00edos. Retirar estas tierras del cultivo ahorrar\u00eda cientos de miles de acre-pies en agua al a\u00f1o. Podr\u00edamos hacer esto comprando estas granjas y ayudar a sus due\u00f1os a convertir la tierra en parques de producci\u00f3n de energ\u00eda solar o e\u00f3lica. En vez de sembrar cultivos permanentes que son altamente dependientes del agua, regresemos al requisito de que sembrad\u00edos que dependan del \u201cexceso\u201d de agua del Delta se dejen sin cultivar durante temporadas de estiaje. <strong>No tiene ning\u00fan sentido poner en peligro la agricultura de las f\u00e9rtiles tierras del Delta y \u00e1reas cercanas para subsidiar las tierras deterioradas del lado poniente del Valle de San Joaqu\u00edn que por la naturaleza de la irrigaci\u00f3n contaminan vastas cantidades de suelo y de aguas superficiales.<\/strong><br \/>\n&nbsp;<br \/>\n<span style=\"color: blue; font-size: 18pt;\"><strong>3. Incrementar los flujos naturales de agua dulce a trav\u00e9s del Delta <\/strong><\/span><br \/>\n&nbsp;<br \/>\nEl agua que fluye hacia el oc\u00e9ano no se desperdicia. Es lo que le da vida a la pesca que sustenta la cadena alimenticia del oc\u00e9ano. Flujos de agua dulce son cr\u00edticos para la sobrevivencia de la pesca de salm\u00f3n de este estado, ya que el salm\u00f3n migra desde las cuencas del estuario, atraviesa la bah\u00eda hasta el mar, y tambi\u00e9n ayuda a eliminar los contaminantes.<br \/>\n&nbsp;<br \/>\nLa Junta Estatal del Agua y las agencias de pesca estatal y federal han dicho en repetidas ocasiones que los flujos al exterior provenientes del Delta deben incrementarse significativamente si las actividades pesqueras van a sobrevivir.<br \/>\n&nbsp;<br \/>\n<strong>El agua extra puede exportarse por medio de bombas existentes si se instalan cribas de pescado con tecnolog\u00eda de punta como lo prometieron los que van a beneficiarse del agua desviada.<\/strong> Se pueden realizar estudios adicionales para ver si una reconfiguraci\u00f3n de las bombas existentes en sus sitios actuales, o en otras \u00e1reas que permitan que el agua dulce fluya a trav\u00e9s del Delta, beneficiar\u00edan a las actividades de pesca.<br \/>\n&nbsp;<br \/>\n<span style=\"color: blue; font-size: 18pt;\"><strong>4. Aumentar la dependencia en suministros locales de agua y mejorar su captura y almacenamiento <\/strong><\/span><br \/>\n&nbsp;<br \/>\nCalifornia necesita reparar y modernizar sus sistemas de agua y de drenaje. Necesitamos quitar plomer\u00eda vieja y reemplazarla con opciones de bajo flujo e implementar aparatos que indiquen a los usuarios cu\u00e1nta agua est\u00e1n consumiendo. Adem\u00e1s, 10-20% de los recursos municipales del agua se pierden por desperfectos en las tuber\u00edas; deber\u00edamos invertir en la instalaci\u00f3n de sistemas subterr\u00e1neos inal\u00e1mbricos que vigilen estas aver\u00edas y repararlas r\u00e1pidamente. Lo m\u00e1s importante: debemos asignar fondos de manera prioritaria para reparar y modernizar nuestros antiguos sistemas de distribuci\u00f3n de agua, lo cual nos har\u00eda ganar m\u00e1s de 500,000 acre pies de agua anualmente.<br \/>\n&nbsp;<br \/>\nNecesitamos invertir en nueva infraestructura que capte, recicle, y almacene agua localmente. La instalaci\u00f3n de cisternas puede resultar en la captura y almacenamiento de agua de lluvia, que caiga de manera repentina o intensa, en negocios o viviendas a lo largo y ancho de nuestras comunidades.<br \/>\n&nbsp;<br \/>\nNecesitamos brindar incentivos para que los propietarios de casas y usuarios industriales cambien a jardiner\u00eda residencial, cultivos agr\u00edcolas y tecnolog\u00eda que sean resistentes a la sequ\u00eda. Los incentivos que ayuden a los agricultores a ahorrar agua por medio de irrigaci\u00f3n por goteo en todas sus propiedades pueden reducir el uso de agua para fines agr\u00edcolas de un 80% a un 60%.<br \/>\n&nbsp;<br \/>\nEstas inversiones son cruciales para hacer que nuestros sistemas de distribuci\u00f3n de agua sean m\u00e1s confiables y deben convertirse en altas prioridades. El desarrollo e instalaci\u00f3n de tecnolog\u00edas innovadoras puede tambi\u00e9n llevar a la creaci\u00f3n de trabajos m\u00e1s confiables. Hay ciudades por todo California que est\u00e1n planeando diversificar las fuentes de suministro de agua porque <strong>los suministros locales con los m\u00e1s rentables y confiables.<\/strong> Adem\u00e1s de ahogar a las ciudades en deuda, los t\u00faneles del Delta amenazar\u00edan estas inversiones locales porque incrementar\u00edan la dependencia en exportaciones de agua desde el estuario del Delta, el cual ya est\u00e1 sobreexplotado. Adem\u00e1s, los t\u00faneles no producir\u00edan m\u00e1s agua para el sistema.<br \/>\n&nbsp;<br \/>\nMira nuestro video en YouTube \u201cHay una Mejor Soluci\u00f3n para California y para el Delta\u201d para encontrar m\u00e1s soluciones, <a href=\"https:\/\/www.youtube.com\/watch?v=Ml_pCr2uMaE\" target=\"_blank\">clickea aqu\u00ed<\/a>.<br \/>\n&nbsp;<\/p>\n<p>&nbsp;<\/p>\n<p>&nbsp;<\/p>\n","protected":false},"excerpt":{"rendered":"<p>Hay una mejor soluci\u00f3n El estuario del Delta de la Bah\u00eda de San Francisco es duradero y sustentable. Es una joya en bruto que necesita ser pulida un poco. Lo que el Delta necesita es recuperar los caudales de agua y modernizar los diques. Con estas mejoras, el Delta puede llegar a convertirse en un [&hellip;]<\/p>\n","protected":false},"author":3,"featured_media":0,"parent":0,"menu_order":0,"comment_status":"closed","ping_status":"closed","template":"no_sidebars.php","meta":{"footnotes":""},"class_list":["post-5467","page","type-page","status-publish","hentry"],"_links":{"self":[{"href":"http:\/\/es.restorethedelta.org\/index.php?rest_route=\/wp\/v2\/pages\/5467","targetHints":{"allow":["GET"]}}],"collection":[{"href":"http:\/\/es.restorethedelta.org\/index.php?rest_route=\/wp\/v2\/pages"}],"about":[{"href":"http:\/\/es.restorethedelta.org\/index.php?rest_route=\/wp\/v2\/types\/page"}],"author":[{"embeddable":true,"href":"http:\/\/es.restorethedelta.org\/index.php?rest_route=\/wp\/v2\/users\/3"}],"replies":[{"embeddable":true,"href":"http:\/\/es.restorethedelta.org\/index.php?rest_route=%2Fwp%2Fv2%2Fcomments&post=5467"}],"version-history":[{"count":10,"href":"http:\/\/es.restorethedelta.org\/index.php?rest_route=\/wp\/v2\/pages\/5467\/revisions"}],"predecessor-version":[{"id":5543,"href":"http:\/\/es.restorethedelta.org\/index.php?rest_route=\/wp\/v2\/pages\/5467\/revisions\/5543"}],"wp:attachment":[{"href":"http:\/\/es.restorethedelta.org\/index.php?rest_route=%2Fwp%2Fv2%2Fmedia&parent=5467"}],"curies":[{"name":"wp","href":"https:\/\/api.w.org\/{rel}","templated":true}]}}