{"id":4227,"date":"2013-12-08T23:48:48","date_gmt":"2013-12-08T23:48:48","guid":{"rendered":"http:\/\/overtroubledwaters.org\/rtd\/?page_id=4227"},"modified":"2016-10-31T21:22:29","modified_gmt":"2016-10-31T21:22:29","slug":"stop-the-tunnels","status":"publish","type":"page","link":"http:\/\/es.restorethedelta.org\/?page_id=4227","title":{"rendered":"\u00a1SALVEMOS EL DELTA DE LA BAH\u00cdA DE SF! \u00a1DETENGAMOS LOS T\u00daNELES!"},"content":{"rendered":"<div class='ss2-align'><script type=\"text\/javascript\">\r\n    window['nextend-smart-slider-1-onresize'] = [];\r\n<\/script>\r\n\r\n<div id=\"nextend-smart-slider-1\" class=\"nextend-slider-fadeload nextend-desktop \" style=\"font-size: 12px;\" data-allfontsize=\"12\" data-desktopfontsize=\"12\" data-tabletfontsize=\"16\" data-phonefontsize=\"20\">\r\n    <div class=\"smart-slider-border1\" style=\"\">\r\n        <div class=\"smart-slider-border2\">\r\n            \r\n                            <div class=\"smart-slider-canvas smart-slider-slide-active smart-slider-bg-colored\" style=\"cursor:pointer;\" onclick=\"window.location='http:\/\/es.restorethedelta.org\/?page_id=5547'\" >\r\n                                            <img decoding=\"async\" src=\"http:\/\/es.restorethedelta.org\/wp-content\/uploads\/2016\/10\/LATimesEditorial.png\" data-desktop=\"http:\/\/es.restorethedelta.org\/wp-content\/uploads\/2016\/10\/LATimesEditorial.png\"  class=\"nextend-slide-bg\"\/>\r\n                                                            <div class=\"smart-slider-canvas-inner\">\r\n                                            <\/div>\r\n                <\/div>\r\n                            <div class=\"smart-slider-canvas smart-slider-bg-colored\" style=\"cursor:pointer;\" onclick=\"window.location='http:\/\/es.restorethedelta.org\/?page_id=5531'\" >\r\n                                            <img decoding=\"async\" src=\"http:\/\/es.restorethedelta.org\/wp-content\/uploads\/2016\/10\/kcet-story.png\" data-desktop=\"http:\/\/es.restorethedelta.org\/wp-content\/uploads\/2016\/10\/kcet-story.png\"  class=\"nextend-slide-bg\"\/>\r\n                                                            <div class=\"smart-slider-canvas-inner\">\r\n                                            <\/div>\r\n                <\/div>\r\n                            <div class=\"smart-slider-canvas smart-slider-bg-colored\" style=\"cursor:pointer;\" onclick=\"window.location='http:\/\/es.restorethedelta.org\/?page_id=5521'\" >\r\n                                            <img decoding=\"async\" src=\"http:\/\/es.restorethedelta.org\/wp-content\/uploads\/2016\/10\/whowillkpay-1.png\" data-desktop=\"http:\/\/es.restorethedelta.org\/wp-content\/uploads\/2016\/10\/whowillkpay-1.png\"  class=\"nextend-slide-bg\"\/>\r\n                                                            <div class=\"smart-slider-canvas-inner\">\r\n                                            <\/div>\r\n                <\/div>\r\n                            <div class=\"smart-slider-canvas smart-slider-bg-colored\" style=\"cursor:pointer;\" onclick=\"window.location='http:\/\/es.restorethedelta.org\/?page_id=5480'\" >\r\n                                            <img decoding=\"async\" src=\"http:\/\/es.restorethedelta.org\/wp-content\/uploads\/2016\/10\/earthquake-1.png\" data-desktop=\"http:\/\/es.restorethedelta.org\/wp-content\/uploads\/2016\/10\/earthquake-1.png\"  class=\"nextend-slide-bg\"\/>\r\n                                                            <div class=\"smart-slider-canvas-inner\">\r\n                                            <\/div>\r\n                <\/div>\r\n                    <\/div>\r\n    <\/div>\r\n    <div style=\"position: absolute;left:1%;bottom:2%;visibility: hidden;z-index:10; line-height: 0;width:100%;text-align:left;\" class=\"nextend-widget nextend-widget-always nextend-widget-display-desktop nextend-widget-bullet \" ><div class=\"nextend-bullet-container nextend-bullet nextend-bullet-numbers nextend-bullet-numbers-circle nextend-bullet-horizontal\"><div onclick=\"njQuery('#nextend-smart-slider-1').smartslider('goto',0,false);\" data-thumbnail=\"\"  class=\"nextend-bullet nextend-bullet-numbers nextend-bullet-numbers-circle nextend-bullet-horizontal active\"><span class=\"sliderfont7\">\r\n                1\r\n                <\/span><\/div><div onclick=\"njQuery('#nextend-smart-slider-1').smartslider('goto',1,false);\" data-thumbnail=\"\"  class=\"nextend-bullet nextend-bullet-numbers nextend-bullet-numbers-circle nextend-bullet-horizontal\"><span class=\"sliderfont7\">\r\n                2\r\n                <\/span><\/div><div onclick=\"njQuery('#nextend-smart-slider-1').smartslider('goto',2,false);\" data-thumbnail=\"\"  class=\"nextend-bullet nextend-bullet-numbers nextend-bullet-numbers-circle nextend-bullet-horizontal\"><span class=\"sliderfont7\">\r\n                3\r\n                <\/span><\/div><div onclick=\"njQuery('#nextend-smart-slider-1').smartslider('goto',3,false);\" data-thumbnail=\"\"  class=\"nextend-bullet nextend-bullet-numbers nextend-bullet-numbers-circle nextend-bullet-horizontal\"><span class=\"sliderfont7\">\r\n                4\r\n                <\/span><\/div><\/div><\/div><\/div>\r\n\r\n<script type=\"text\/javascript\">\r\n    njQuery(document).ready(function () {\r\n        njQuery('#nextend-smart-slider-1').smartslider({\"translate3d\":1,\"playfirstlayer\":1,\"mainafterout\":0,\"inaftermain\":1,\"fadeonscroll\":0,\"autoplay\":1,\"autoplayConfig\":{\"duration\":5000,\"counter\":0,\"autoplayToSlide\":0,\"stopautoplay\":{\"click\":1,\"mouseenter\":1,\"slideplaying\":1},\"resumeautoplay\":{\"mouseleave\":0,\"slideplayed\":1,\"slidechanged\":0}},\"responsive\":{\"downscale\":1,\"upscale\":1,\"maxwidth\":3000,\"basedon\":\"combined\",\"screenwidth\":{\"tablet\":1024,\"phone\":640},\"ratios\":[1,1,0.7,0.5]},\"controls\":{\"scroll\":0,\"touch\":\"0\",\"keyboard\":0},\"blockrightclick\":0,\"lazyload\":0,\"lazyloadneighbor\":0,\"randomize\":0,\"type\":\"ssSimpleSlider\",\"animation\":[\"horizontal\"],\"animationSettings\":{\"duration\":1500,\"delay\":0,\"easing\":\"easeInOutQuint\",\"parallax\":1},\"flux\":[0,[\"bars\"]],\"touchanimation\":\"0\"});\r\n    });\r\n<\/script>\r\n<div style=\"clear: both;\"><\/div>\r\n<\/div><div id=\"nextend-smart-slider-1-placeholder\" ><img decoding=\"async\" alt=\"\" style=\"width:100%; max-width: 3000px;\" src=\"data:image\/png;base64,iVBORw0KGgoAAAANSUhEUgAAA9wAAAFUCAYAAADWLDSBAAAACXBIWXMAAA7EAAAOxAGVKw4bAAAIFUlEQVR4nO3XQQkAIADAQLV\/Zy3hEOQuwb6bewAAAAC3rdcBAAAA8CPDDQAAAAHDDQAAAAHDDQAAAAHDDQAAAAHDDQAAAAHDDQAAAAHDDQAAAAHDDQAAAAHDDQAAAAHDDQAAAAHDDQAAAAHDDQAAAAHDDQAAAAHDDQAAAAHDDQAAAAHDDQAAAAHDDQAAAAHDDQAAAAHDDQAAAAHDDQAAAAHDDQAAAAHDDQAAAAHDDQAAAAHDDQAAAAHDDQAAAAHDDQAAAAHDDQAAAAHDDQAAAAHDDQAAAAHDDQAAAAHDDQAAAAHDDQAAAAHDDQAAAAHDDQAAAAHDDQAAAAHDDQAAAAHDDQAAAAHDDQAAAAHDDQAAAAHDDQAAAAHDDQAAAAHDDQAAAAHDDQAAAAHDDQAAAAHDDQAAAAHDDQAAAAHDDQAAAAHDDQAAAAHDDQAAAAHDDQAAAAHDDQAAAAHDDQAAAAHDDQAAAAHDDQAAAAHDDQAAAAHDDQAAAAHDDQAAAAHDDQAAAAHDDQAAAAHDDQAAAAHDDQAAAAHDDQAAAAHDDQAAAAHDDQAAAAHDDQAAAAHDDQAAAAHDDQAAAAHDDQAAAAHDDQAAAAHDDQAAAAHDDQAAAAHDDQAAAAHDDQAAAAHDDQAAAAHDDQAAAAHDDQAAAAHDDQAAAAHDDQAAAAHDDQAAAAHDDQAAAAHDDQAAAAHDDQAAAAHDDQAAAAHDDQAAAAHDDQAAAAHDDQAAAAHDDQAAAAHDDQAAAAHDDQAAAAHDDQAAAAHDDQAAAAHDDQAAAAHDDQAAAAHDDQAAAAHDDQAAAAHDDQAAAAHDDQAAAAHDDQAAAAHDDQAAAAHDDQAAAAHDDQAAAAHDDQAAAAHDDQAAAAHDDQAAAAHDDQAAAAHDDQAAAAHDDQAAAAHDDQAAAAHDDQAAAAHDDQAAAAHDDQAAAAHDDQAAAAHDDQAAAAHDDQAAAAHDDQAAAAHDDQAAAAHDDQAAAAHDDQAAAAHDDQAAAAHDDQAAAAHDDQAAAAHDDQAAAAHDDQAAAAHDDQAAAAHDDQAAAAHDDQAAAAHDDQAAAAHDDQAAAAHDDQAAAAHDDQAAAAHDDQAAAAHDDQAAAAHDDQAAAAHDDQAAAAHDDQAAAAHDDQAAAAHDDQAAAAHDDQAAAAHDDQAAAAHDDQAAAAHDDQAAAAHDDQAAAAHDDQAAAAHDDQAAAAHDDQAAAAHDDQAAAAHDDQAAAAHDDQAAAAHDDQAAAAHDDQAAAAHDDQAAAAHDDQAAAAHDDQAAAAHDDQAAAAHDDQAAAAHDDQAAAAHDDQAAAAHDDQAAAAHDDQAAAAHDDQAAAAHDDQAAAAHDDQAAAAHDDQAAAAHDDQAAAAHDDQAAAAHDDQAAAAHDDQAAAAHDDQAAAAHDDQAAAAHDDQAAAAHDDQAAAAHDDQAAAAHDDQAAAAHDDQAAAAHDDQAAAAHDDQAAAAHDDQAAAAHDDQAAAAHDDQAAAAHDDQAAAAHDDQAAAAHDDQAAAAHDDQAAAAHDDQAAAAHDDQAAAAHDDQAAAAHDDQAAAAHDDQAAAAHDDQAAAAHDDQAAAAHDDQAAAAHDDQAAAAHDDQAAAAHDDQAAAAHDDQAAAAHDDQAAAAHDDQAAAAHDDQAAAAHDDQAAAAHDDQAAAAHDDQAAAAHDDQAAAAHDDQAAAAHDDQAAAAHDDQAAAAHDDQAAAAHDDQAAAAHDDQAAAAHDDQAAAAHDDQAAAAHDDQAAAAHDDQAAAAHDDQAAAAHDDQAAAAHDDQAAAAHDDQAAAAHDDQAAAAHDDQAAAAHDDQAAAAHDDQAAAAHDDQAAAAHDDQAAAAHDDQAAAAHDDQAAAAHDDQAAAAHDDQAAAAHDDQAAAAHDDQAAAAHDDQAAAAHDDQAAAAHDDQAAAAHDDQAAAAHDDQAAAAHDDQAAAAHDDQAAAAHDDQAAAAHDDQAAAAHDDQAAAAHDDQAAAAHDDQAAAAHDDQAAAAHDDQAAAAHDDQAAAAHDDQAAAAHDDQAAAAHDDQAAAAHDDQAAAAHDDQAAAAHDDQAAAAHDDQAAAAHDDQAAAAHDDQAAAAHDDQAAAAHDDQAAAAHDDQAAAAHDDQAAAAHDDQAAAAHDDQAAAAHDDQAAAAHDDQAAAAHDDQAAAAHDDQAAAAHDDQAAAAHDDQAAAAHDDQAAAAHDDQAAAAHDDQAAAAHDDQAAAAHDDQAAAAHDDQAAAAHDDQAAAAHDDQAAAAHDDQAAAAHDDQAAAAHDDQAAAAHDDQAAAAHDDQAAAAHDDQAAAAHDDQAAAAHDDQAAAAHDDQAAAAHDDQAAAAHDDQAAAAHDDQAAAAHDDQAAAAHDDQAAAAHDDQAAAAHDDQAAAAHDDQAAAAHDDQAAAAHDDQAAAAHDDQAAAAHDDQAAAAHDDQAAAAHDDQAAAAHDDQAAAAHDDQAAAAHDDQAAAAHDDQAAAAHDDQAAAAHDDQAAAAHDDQAAAAHDDQAAAAHDDQAAAAHDDQAAAAHDDQAAAAHDDQAAAAHDDQAAAAHDDQAAAAHDDQAAAAHDDQAAAAHDDQAAAAHDDQAAAAHDDQAAAAHDDQAAAAHDDQAAAAHDDQAAAAHDDQAAAAHDDQAAAAHDDQAAAAHDDQAAAAHDDQAAAAHDDQAAAAHDDQAAAAHDDQAAAAHDDQAAAAHDDQAAAAHDDQAAAAHDDQAAAAHDDQAAAAHDDQAAAAHDDQAAAAHDDQAAAAHDDQAAAAHDDQAAAAHDDQAAAAHDDQAAAAHDDQAAAIEDoeADpyRme8kAAAAASUVORK5CYII=\" \/><img decoding=\"async\" alt=\"\" style=\"width:100%;\" src=\"data:image\/png;base64,iVBORw0KGgoAAAANSUhEUgAAA9wAAAAUCAYAAAB\/AzVZAAAACXBIWXMAAA7EAAAOxAGVKw4bAAAAlUlEQVR4nO3XQQkAIADAQLV\/Zy3hEOQuwb6bewAAAAC3rdcBAAAA8CPDDQAAAAHDDQAAAAHDDQAAAAHDDQAAAAHDDQAAAAHDDQAAAAHDDQAAAAHDDQAAAAHDDQAAAAHDDQAAAAHDDQAAAAHDDQAAAAHDDQAAAAHDDQAAAAHDDQAAAAHDDQAAAAHDDQAAAAHDDQAAAIEDBxQBJ7bYQuEAAAAASUVORK5CYII=\" \/><\/div>\n<p><center><strong><span style=\"font-family: tahoma; color:blue; font-size: 20pt;\">\u00a1SALVEMOS EL DELTA DE LA BAH\u00cdA DE SF!<\/span><span style=\"color:red; font-size: 20pt;\">\u00a1DETENGAMOS LOS T\u00daNELES!<\/span><\/strong><\/center><br \/>\n&nbsp;<\/p>\n<p><span style=\"font-family: tahoma;\"><strong><span style=\"font-size: 18pt;\">\u00bfQu\u00e9 es el Delta?<\/strong><br \/>\n<span style=\"font-family: tahoma;\">El Delta es el estuario m\u00e1s grande y m\u00e1s importante en la Costa del Pac\u00edfico de las Americas. Sus aguas soportan el mayor criadero de peces en California, es la escala de aves marinas migratorias m\u00e1s grande de la Costa del Pac\u00edfico, contiene m\u00e1s de 500,000 acres de tierras agr\u00edcolas de primera, y una comunidad urbana que es hogar para m\u00e1s de 4 millones de personas.<br \/>\n&nbsp;<br \/>\n<strong><span style=\"font-size: 18pt;\">\u00bfQu\u00e9 t\u00faneles?<\/strong><br \/>\n<span style=\"font-family: tahoma;\">Los t\u00faneles subterr\u00e1neos para exportar agua que el Gobernador Brown ha propuesto garantizar\u00edan la sobreexplotaci\u00f3n actual del agua en el Delta y crear\u00edan <span style=\"color:red\"><strong>la mayor transferencia de recursos p\u00fablicos hacia entidades privadas en la historia de California.<\/strong><\/span> Bajo un plan llamado <strong>California Water Fix<\/strong>, un par de t\u00faneles gemelos, de 40 pies de di\u00e1metro, ser\u00e1n construidos 150 pies bajo el Delta de los r\u00edos Sacramento y San Joaqu\u00edn. Los t\u00faneles se extender\u00edan por aproximadamente 30 millas, desde el sur de Sacramento hasta el norte de Tracy. Junto con este plan existe un plan de conservaci\u00f3n por separado denominado, \u201c<strong>California Eco Restore<\/strong>.\u201d<br \/>\n&nbsp;<br \/>\n<strong><span style=\"font-size: 18pt;\">\u00bfPara qu\u00e9?<\/strong><br \/>\n<a href=\"http:\/\/es.restorethedelta.org\/wp-content\/uploads\/2013\/12\/forwhatbanner.png\"><img loading=\"lazy\" decoding=\"async\" src=\"http:\/\/es.restorethedelta.org\/wp-content\/uploads\/2013\/12\/forwhatbanner.png\" alt=\"forwhatbanner\" width=\"1004\" height=\"167\" class=\"aligncenter size-full wp-image-5502\" srcset=\"http:\/\/es.restorethedelta.org\/wp-content\/uploads\/2013\/12\/forwhatbanner.png 1004w, http:\/\/es.restorethedelta.org\/wp-content\/uploads\/2013\/12\/forwhatbanner-300x50.png 300w, http:\/\/es.restorethedelta.org\/wp-content\/uploads\/2013\/12\/forwhatbanner-768x128.png 768w\" sizes=\"auto, (max-width: 1004px) 100vw, 1004px\" \/><\/a><br \/>\n<span style=\"font-family: tahoma;\">Los t\u00faneles se apoderar\u00edan de hasta dos terceras partes del caudal del R\u00edo Sacramento, que es de donde proviene la principal fuente de abastecimiento de agua dulce en el Delta. Alrededor de un 30% del agua que se saca del Delta va a dar a ciudades en la Zona de la Bah\u00eda, la Costa Sur, y el Sur de California. En contraste, la gigantesca agroindustria al oeste y al sur del Valle de San Joaqu\u00edn, bajando hasta Bakersfield, reciben aproximadamente un 70% de agua del Delta, que en su mayor\u00eda se usa para cultivar amendras y pistaches que requieren cantidades exorbitantes de agua en suelos des\u00e9rticos nada sustentables, para las lucrativas exportaciones al extranjero. Estos usuarios agr\u00edcolas contribuyen solamente un 0.3% a la econom\u00eda de California a pesar de usar 70% del agua del Delta.<br \/>\n&nbsp;<br \/>\n<strong><span style=\"font-size: 18pt;\">\u00bfQu\u00e9 sucede cuando desv\u00edas la mayor parte del agua dulce lejos del Delta?<\/strong> <strong><span style=\"color:red\">La calidad y cantidad del agua se deteriorar\u00e1. El ecosistema del estuario del Delta de la Bah\u00eda de SF se destruir\u00e1.<span><\/strong> Los flujos de agua dulce son cr\u00edticos para detener el ingreso de agua salada proveniente de la Bah\u00eda y en filtrar los cientos de miles de toneladas de contaminantes y sales que se acumulan en el Delta.<br \/>\n&nbsp;<br \/>\n<strong><span style=\"color:red; font-size: 18pt;\">El impacto devastador se sentir\u00e1 en:<\/strong><br \/>\n<a href=\"http:\/\/es.restorethedelta.org\/wp-content\/uploads\/2013\/12\/impactsbanner1.png\"><img loading=\"lazy\" decoding=\"async\" src=\"http:\/\/es.restorethedelta.org\/wp-content\/uploads\/2013\/12\/impactsbanner1.png\" alt=\"impactsbanner1\" width=\"1004\" height=\"167\" class=\"aligncenter size-full wp-image-5501\" srcset=\"http:\/\/es.restorethedelta.org\/wp-content\/uploads\/2013\/12\/impactsbanner1.png 1004w, http:\/\/es.restorethedelta.org\/wp-content\/uploads\/2013\/12\/impactsbanner1-300x50.png 300w, http:\/\/es.restorethedelta.org\/wp-content\/uploads\/2013\/12\/impactsbanner1-768x128.png 768w\" sizes=\"auto, (max-width: 1004px) 100vw, 1004px\" \/><\/a><br \/>\n\u2022\t<span style=\"color:red\"><strong>Cientos de especies silvestres de flora y fauna:<\/strong><\/span> Sin cantidades adecuadas de agua, no habr\u00e1 h\u00e1bitats. Consecuentemente la poblaci\u00f3n de cientos de especies silvestres como el Salm\u00f3n Rosado y las Grullas Canadienses se ver\u00e1n decimadas o se extinguir\u00e1n debido a una menor red alimenticia. La vida silvestre, como las Orcas del Estrecho de Puget del Pac\u00edfico Sur, que dependen de las especias migratorias del Delta tambi\u00e9n enfrentar\u00e1n peligro de extinci\u00f3n.<br \/>\n&nbsp;<br \/>\n\u2022\t<span style=\"color:red\"><strong>La pesca en el Delta y la costa:<\/strong><\/span> La pesca depende de una abundante vida silvestre. Esta hist\u00f3rica industria es generadora de miles de millones de d\u00f3lares en actividad econ\u00f3mica anualmente, y solamente el rubro del salm\u00f3n genera mil quinientos millones de d\u00f3lares. Miles de empleos y de medios de subsistencia dependen de estas industrias. Comunidades de justicia ambiental que dependen en la pesca de subsistencia tambi\u00e9n padecer\u00edan inseguridad alimentaria como resultado de un aumento en los contaminantes y la p\u00e9rdida de peces y de poblaciones de especies de fauna silvestre.<br \/>\n&nbsp;<br \/>\n\u2022\t<span style=\"color:red\"><strong>Turismo en la Bah\u00eda de San Francisco:<\/strong><\/span> No se ha hecho un an\u00e1lisis de c\u00f3mo la escasez de flujos de agua dulce  impactar\u00e1n el turismo y la recreaci\u00f3n en la costa y el muelle de San Francisco. Estas industrias dependen de flujos de agua dulce del Delta para sus actividades econ\u00f3micas de pesca de cangrejo y salm\u00f3n, expediciones ecotur\u00edsticas, navegaci\u00f3n, y del rubro de restaurantes. Esta industria genera miles de millones de d\u00f3lares anualmente.<br \/>\n&nbsp;<br \/>\n\u2022\t<span style=\"color:red\"><strong>La econom\u00eda agr\u00edcola del Delta con valor de $5.2 mil millones:<\/span><\/strong> Los agricultores no pueden irrigar sus cultivos con agua salada y ciertamente no pueden plantar en suelo contaminado, lo cual suceder\u00e1 como resultado de la salinidad. La agroeconom\u00eda del Delta, que consta de generaciones de empresas agr\u00edcolas familiares y de trabajadores del campo, se quedar\u00edan sin trabajo.<br \/>\n&nbsp;<br \/>\n\u2022\t<span style=\"color:red\"><strong>El sector recreativo y tur\u00edstico del Delta con valor de $750 millones:<\/strong><\/span> La operaci\u00f3n y construcci\u00f3n de los t\u00faneles va a obstruir y a desmantelar v\u00edas navegables para lanchas, marinas y otros tipos de actividades recreativas, aparte de crear condiciones de bajos flujos de agua que propician especies acu\u00e1tivas invasoras, como el jacinto acu\u00e1tico. La mala calidad del agua tambi\u00e9n crea inseguridad para las actividades recreativas.<br \/>\n&nbsp;<br \/>\n\u2022\t<span style=\"color:red\"><strong>La salud p\u00fablica de ciudades y comunidades:<\/strong><\/span> Los t\u00faneles causar\u00e1n un aumento en la contaminaci\u00f3n de agua municipal, de sistemas de descargas de aguas y de pozos para los millones de residentes rurales y urbanos que viven en los cinco condados alrededor del Delta. El Distrito de Agua del Condado de Contra Costa dijo que los t\u00faneles no contemplaron los potenciales aumentos en cancer\u00edgenos y la formaci\u00f3n de otras sustancias que causan cancer y tienen otros efectos serios contra la salud. Las poblaciones rurales como Hood y Byron tendr\u00e1n que mudarse debido a la exposici\u00f3n de contaminantes que causan c\u00e1ncer durante el proceso de construcci\u00f3n.<br \/>\n&nbsp;<br \/>\n<strong><span style=\"font-size: 18pt;\">\u00bfQui\u00e9n va a pagar? <\/strong>Si vives en un \u00e1rea que depende de agua que ha sido exportada, como las zonas metropolitanas de Los Angeles y San Jos\u00e9, tus tarifas de agua y tus impuestos prediales van a aumentar, pero no recibir\u00e1s agua nueva.<br \/>\n&nbsp;<br \/>\nLas tarifas van a aumentar m\u00e1s para los usuarios urbanos que para los agricultores porque la agroindustria no quiere pagar tanto por unidad de agua, dadas las cantidades enormes del l\u00edquido que necesitan.  Funcionarios del Gobierno dicen que los t\u00faneles CA Water Fix costar\u00e1n 17 mil millones de d\u00f3lares para su construcci\u00f3n, pero como sabemos, los proyectos grandes de infraestructura p\u00fablica como el Puente de San Franciso a la Bah\u00eda de Oakland y el proyecto Bertha de Seattle (la m\u00e1quina excavadora de t\u00faneles m\u00e1s grande); los c\u00e1lculos iniciales del costo siempre aumentan enormemente.  Los c\u00e1lculos del costo de los t\u00faneles CA Water Fix no incluyen intereses en los bonos o gastos superiores a lo previsto. <strong>Un c\u00e1lculo m\u00e1s realista es de $60 mil millones cuando se tome en cuenta los costos de intereses, administraci\u00f3n, investigaci\u00f3n, operaci\u00f3n, y cuotas de mantenimiento.<\/strong><\/p>\n<p><span style=\"font-family: tahoma;\"><strong><em>Associated Press<\/em><\/strong>, &#8220;<a href=\"http:\/\/es.restorethedelta.org\/?page_id=5521\" target=\"_blank\">Los t\u00faneles de agua de California necesitar\u00edan fondos federales, dice analista&#8221;<\/a>.<\/p>\n<p><span style=\"font-family: tahoma;\"><strong><em>KCET<\/em><\/strong>, &#8220;<a href=\"http:\/\/es.restorethedelta.org\/?page_id=5531\" target=\"_blank\">Contribuyentes pagar\u00e1n $16 mil millones por T\u00faneles del Delta<\/a>.&#8221;<br \/>\n&nbsp;<br \/>\nSi eres contribuyente en California, estar\u00e1s pagando por este proyecto a trav\u00e9s de bonos de agua. <strong>Los usuarios urbanos estar\u00e1n pagando para mitigar el da\u00f1o causado por los t\u00faneles a trav\u00e9s del plan CA Eco Restore.<\/strong> Los exportadores de agua no tienen que pagar el da\u00f1o ambiental que resultar\u00e1 de la operaci\u00f3n de los t\u00faneles.  El Estado planea utilizar el 2014 Water Bond (Prop 1) para pagar el plan CA Eco Restore.<br \/>\n&nbsp;<br \/>\n<strong><span style=\"font-size: 18pt;\">\u00bfPero es que no existen problemas en el Delta que necesitan resolverse?<\/strong><br \/>\nEl Delta tiene problemas, pero los t\u00faneles CA Water Fix son una idea del siglo XX que no los resolver\u00e1.  No producir\u00e1 m\u00e1s agua, ni suministros m\u00e1s confiables, ni mejores condiciones para el medio ambiente en el Delta. <strong><span style=\"color:blue;\">Para ver nuestra mejor soluci\u00f3n, <a href=\"http:\/\/es.restorethedelta.org\/?page_id=5467\" target=\"_blank\">clickea aqu\u00ed<\/a>.<\/span><\/strong> <strong>Para hora informativa sobre terremotos, <a href=\"http:\/\/es.restorethedelta.org\/?page_id=5480\" target=\"_blank\">clickea aqu\u00ed<\/a>.<\/strong><br \/>\n&nbsp;<br \/>\n<strong><span style=\"font-size: 18pt;\">\u00bfQu\u00e9 puedes hacer t\u00fa?<\/strong><br \/>\nPrimero que nada, \u00a1participa en nuestra campa\u00f1a! Recuerda que no puedes votar en el plan de los T\u00faneles del Delta. Escribe cartas al editor, haz llamadas al Gobernador y a los funcionarios estatales y federales, <a href=\"http:\/\/restorethedelta.us3.list-manage1.com\/subscribe?u=06887fa70084fef8e939fef63&#038;id=de0bcb39ba\" target=\"_blank\">inscr\u00edbete en alertas de e-mail de nuestro sitio web<\/a>, y s\u00edguenos en las redes sociales.  Tambi\u00e9n podr\u00edas hacer una donaci\u00f3n para ayudar a nuestra campa\u00f1a de bases desde nuestro sitio web, llamando a nuestra oficina al (209) 475-9550, o envi\u00e1ndonos un cheque a 42 N. Sutter St, Suite 506, Stockton, CA 95202.<br \/>\n<em><strong>**El 4\/30\/15, el Gobernador le cambi\u00f3 el nombre a los T\u00faneles del Delta del Plan de Conservaci\u00f3n del Delta de la Bah\u00eda (o BDCP) a CA Water Fix. Por favor s\u00edguenos por medio de nuestro sitio web, redes sociales o por e-mail para mantenerte enterado de cambios adicionales al proyecto de los t\u00faneles. <\/strong><\/em><\/p>\n<p>&nbsp;<\/p>\n<p>&nbsp;<\/p>\n<p>&nbsp;<\/p>\n","protected":false},"excerpt":{"rendered":"<p>\u00a1SALVEMOS EL DELTA DE LA BAH\u00cdA DE SF!\u00a1DETENGAMOS LOS T\u00daNELES! &nbsp; \u00bfQu\u00e9 es el Delta? El Delta es el estuario m\u00e1s grande y m\u00e1s importante en la Costa del Pac\u00edfico de las Americas. Sus aguas soportan el mayor criadero de peces en California, es la escala de aves marinas migratorias m\u00e1s grande de la Costa [&hellip;]<\/p>\n","protected":false},"author":1,"featured_media":0,"parent":0,"menu_order":0,"comment_status":"closed","ping_status":"open","template":"no_sidebars.php","meta":{"footnotes":""},"class_list":["post-4227","page","type-page","status-publish","hentry"],"_links":{"self":[{"href":"http:\/\/es.restorethedelta.org\/index.php?rest_route=\/wp\/v2\/pages\/4227","targetHints":{"allow":["GET"]}}],"collection":[{"href":"http:\/\/es.restorethedelta.org\/index.php?rest_route=\/wp\/v2\/pages"}],"about":[{"href":"http:\/\/es.restorethedelta.org\/index.php?rest_route=\/wp\/v2\/types\/page"}],"author":[{"embeddable":true,"href":"http:\/\/es.restorethedelta.org\/index.php?rest_route=\/wp\/v2\/users\/1"}],"replies":[{"embeddable":true,"href":"http:\/\/es.restorethedelta.org\/index.php?rest_route=%2Fwp%2Fv2%2Fcomments&post=4227"}],"version-history":[{"count":10,"href":"http:\/\/es.restorethedelta.org\/index.php?rest_route=\/wp\/v2\/pages\/4227\/revisions"}],"predecessor-version":[{"id":5560,"href":"http:\/\/es.restorethedelta.org\/index.php?rest_route=\/wp\/v2\/pages\/4227\/revisions\/5560"}],"wp:attachment":[{"href":"http:\/\/es.restorethedelta.org\/index.php?rest_route=%2Fwp%2Fv2%2Fmedia&parent=4227"}],"curies":[{"name":"wp","href":"https:\/\/api.w.org\/{rel}","templated":true}]}}